{"id":1673,"date":"2020-01-28T15:06:25","date_gmt":"2020-01-28T20:06:25","guid":{"rendered":"http:\/\/baleine-gaspe-www.jolidev\/?page_id=1673"},"modified":"2026-03-25T13:41:39","modified_gmt":"2026-03-25T17:41:39","slug":"billetterie","status":"publish","type":"page","link":"https:\/\/www.baleines-forillon.com\/fr\/billetterie\/","title":{"rendered":"Billetterie"},"content":{"rendered":"\r\n<h2 class=\"wp-block-heading\">Billetterie<\/h2>\r\n<p><strong><span style=\"font-size: 18pt;\">Bonne nouvelle, nous avons maintenant un d\u00e9part de la marina de Gasp\u00e9.\u00a0 Lorsque vous r\u00e9servez \u00e0 bord du Cap Aventure, votre embarquement y sera. V\u00e9rifiez bien votre r\u00e9servation pour vous assurez de vous rendre au bon endroit.<\/span><\/strong><\/p>\r\n<p><a class=\"showAsButton\" href=\"https:\/\/www.google.com\/maps\/dir\/\/Club+Nautique+Jacques-Cartier,+10+Rue+de+la+Marina,+Gasp%C3%A9,+QC+G4X+3B1\/@44.6234624,-65.7648416,79340m\/data=!3m1!1e3!4m8!4m7!1m0!1m5!1m1!1s0x4c9bbf1a69c4cf51:0x4e737e833a5fcda0!2m2!1d-64.4782104!2d48.827507?entry=ttu&amp;g_ep=EgoyMDI2MDMxNy4wIKXMDSoASAFQAw%3D%3D\" target=\"\" rel=\"noopener\">https:\/\/www.google.com\/maps\/dir\/\/Club+Nautique+Jacques-Cartier,+10+Rue+de+la+Marina,+Gasp%C3%A9,+QC+G4X+3B1\/@44.6234624,-65.7648416,79340m\/data=!3m1!1e3!4m8!4m7!1m0!1m5!1m1!1s0x4c9bbf1a69c4cf51:0x4e737e833a5fcda0!2m2!1d-64.4782104!2d48.827507?entry=ttu&amp;g_ep=EgoyMDI2MDMxNy4wIKXMDSoASAFQAw%3D%3D<\/a><\/p>\r\n<p class=\"p1\"><span style=\"color: #ff0000;\"><strong>TR\u00c8S IMPORTANT (\u00c0 lire avant de r\u00e9server en bas de page dans le calendrier)<\/strong><\/span><\/p>\r\n<ul>\r\n<li><span style=\"color: #ff0000;\"><strong>SVP, habillez-vous chaudement, avec plusieurs couches.<\/strong><\/span><span style=\"color: #ff0000;\"><strong>\u00a0<\/strong><\/span><\/li>\r\n<li><span style=\"color: #ff0000;\"><strong>Il faut arriver \u00e0 notre billetterie 30 minutes avant l&rsquo;heure d&#8217;embarquement pour r\u00e9cup\u00e9rer votre billet pour la croisi\u00e8re.<\/strong><\/span><\/li>\r\n<li><strong><span style=\"color: #ff0000;\">L&#8217;embarquement sur le navire est toujours 15 minutes avant l&rsquo;heure du d\u00e9part car il y a une introduction (baleines-s\u00e9curit\u00e9 \u00e0 bord) avant chaque d\u00e9part.<\/span><\/strong><\/li>\r\n<li>\r\n<p><span style=\"color: #ff0000;\"><strong>Croisi\u00e8res Baie de Gasp\u00e9 n\u2019assume aucune responsabilit\u00e9 pour les inconv\u00e9nients occasionn\u00e9s par les retards et le client ne sera pas rembours\u00e9 en cas de retard. Il est bon de pr\u00e9voir plus de temps que pr\u00e9vu\u00a0 lors de vos d\u00e9placements car du d\u00e9but juin \u00e0 la mi-octobre; il peut y avoir des travaux routiers , plusieurs vacanciers sur la route et un temps d\u2019attente \u00e0 la gu\u00e9rite d\u2019entr\u00e9e sud du parc national Forillon. Nous devons respecter nos horaires et larguons les amarres \u00e0 l&rsquo;heure pr\u00e9cise du d\u00e9part pr\u00e9vu \u00e0 l&rsquo;horaire.<\/strong><\/span><\/p>\r\n<\/li>\r\n<li><span style=\"color: #ff0000;\">Si le courriel de confirmation vous mentionne que vous devez porter le masque, ne pas en tenir compte. \u00c0 noter aussi que les imperm\u00e9ables sont fournis sur place.<\/span><\/li>\r\n<\/ul>\r\n<p>Plus d&rsquo;informations importantes ici : <a href=\"https:\/\/www.baleines-forillon.com\/fr\/informations-importantes\/\">https:\/\/www.baleines-forillon.com\/fr\/informations-importantes\/<\/a><\/p>\r\n<p><strong>\u00a0<\/strong><\/p>\r\n\r\n\r\n<div class=\"tarif-box\">\r\n            <div class=\"row\">\r\n                <div class=\"col-md-4 col-xl-3\">\r\n                    <h3 class='tarif-box-boat-name'>Narval III<\/h3>\r\n                <div class=\"prix-row\">\r\n                    <span class=\"descr-title\">Adulte<\/span>\r\n                    <span class=\"prix-title\">84.81$<\/span>\r\n                <\/div>\r\n        \r\n                <div class=\"prix-row\">\r\n                    <span class=\"descr-title\">Enfant (3 \u00e0 15 ans)<\/span>\r\n                    <span class=\"prix-title\">63.06$<\/span>\r\n                <\/div>\r\n        \r\n                <div class=\"prix-row\">\r\n                    <span class=\"descr-title\">2 ans et moins<\/span>\r\n                    <span class=\"prix-title\">Gratuit<\/span>\r\n                <\/div>\r\n        <hr><h3 class='tarif-box-boat-name'>Rocher L.V<\/h3>\r\n                <div class=\"prix-row\">\r\n                    <span class=\"descr-title\">Adulte (13 ans et plus)<\/span>\r\n                    <span class=\"prix-title\">84.81$<\/span>\r\n                <\/div>\r\n        <hr><h3 class='tarif-box-boat-name'>Cap Aventure (Marina de Gasp\u00e9)<\/h3>\r\n                <div class=\"prix-row\">\r\n                    <span class=\"descr-title\">Adulte (13 ans et plus)<\/span>\r\n                    <span class=\"prix-title\">84.81$<\/span>\r\n                <\/div>\r\n        <hr><h3 class='tarif-box-boat-name'>Cap Aventure 1<\/h3>\r\n                <div class=\"prix-row\">\r\n                    <span class=\"descr-title\">Adulte (13 ans et plus)<\/span>\r\n                    <span class=\"prix-title\">84.81$<\/span>\r\n                <\/div>\r\n        <\/div>\r\n                <div class=\"col-md-7 offset-md-1 col-xl-6\">\r\n                    <div class=\"frais-service-box\">\r\n                        <p>Des frais de service de 2,50$ par billet seront ajout\u00e9s \u00e0 votre commande sur chaque achat en ligne et de 5$ par billet pour les commandes par t\u00e9l\u00e9phone. Les utilisateurs du service de croisi\u00e8re sont tenus de payer les droits d\u2019entr\u00e9e au parc national de Forillon.<\/p>\n\r\n                    <\/div>\r\n                <\/div>\r\n            <\/div>\r\n        <\/div>\r\n        <div id=\"events-calendar-container-wpb\">\r\n                <div class=\"events-calendar-wrapper\">\r\n                    <div id=\"jbCalendarLoading\">\r\n                        <img decoding=\"async\" src=\"https:\/\/www.baleines-forillon.com\/wp-content\/mu-plugins\/jolibilletterie\/\/images\/loader.svg\" \/>\r\n                    <\/div>\r\n                    <div id=\"jbCalendar\">\r\n            \r\n                    <\/div>\r\n                    <div id=\"jb-time-selection\"><a class=\"back-to-calendar\">< Retour au calendrier<\/a>\r\n            <hr>\r\n            <h3 class=\"date-selection\"><\/h3>\r\n            <div class=\"date-selection-banner\">\r\n                <div class=\"date-selection-banner-boat\">Bateau<\/div>\r\n                <div class=\"date-selection-banner-hour\">Heure d&#8217;embarquement<\/div>\r\n                <div class=\"date-selection-banner-type\">Type<\/div>\r\n                <div class=\"date-selection-banner-ticket\">Quantit\u00e9<\/div>\r\n            <\/div><div class=\"jbCartItems\" data-boat-id=\"8\">\r\n                    <div class=\"jbCartItemsRow\" id=\"jb_product_type_34039\" data-id=\"34039\">\r\n                      <div class=\"jb-cart-item-boat\">Cap Aventure (Marina de Gasp\u00e9)<\/div> \r\n                      <div class=\"jb-time-select-container\"><select class=\"jb-time-select\"><\/select><\/div>\r\n                        <div class=\"jb-cart-item-label\">Adulte (13 ans et plus)<\/div>\r\n                       <div class=\"jb-qty-container\">\r\n                            <button class=\"jb-qty-minus\">&#8211;<\/button>\r\n                            <input class=\"jb-qty\" type=\"text\" disabled=\"\" value=\"0\">\r\n                            <button class=\"jb-qty-plus\">+<\/button>\r\n                        <\/div>\r\n                    <\/div>\r\n            <br><\/div><div class=\"jbCartItems\" data-boat-id=\"10\">\r\n                    <div class=\"jbCartItemsRow\" id=\"jb_product_type_34043\" data-id=\"34043\">\r\n                      <div class=\"jb-cart-item-boat\">Cap Aventure 1<\/div> \r\n                      <div class=\"jb-time-select-container\"><select class=\"jb-time-select\"><\/select><\/div>\r\n                        <div class=\"jb-cart-item-label\">Adulte (13 ans et plus)<\/div>\r\n                       <div class=\"jb-qty-container\">\r\n                            <button class=\"jb-qty-minus\">&#8211;<\/button>\r\n                            <input class=\"jb-qty\" type=\"text\" disabled=\"\" value=\"0\">\r\n                            <button class=\"jb-qty-plus\">+<\/button>\r\n                        <\/div>\r\n                    <\/div>\r\n            <br><\/div><div class=\"jbCartItems\" data-boat-id=\"1\">\r\n                    <div class=\"jbCartItemsRow\" id=\"jb_product_type_1686\" data-id=\"1686\">\r\n                      <div class=\"jb-cart-item-boat\">Narval III<\/div> \r\n                      <div class=\"jb-time-select-container\"><select class=\"jb-time-select\"><\/select><\/div>\r\n                        <div class=\"jb-cart-item-label\">Adulte<\/div>\r\n                       <div class=\"jb-qty-container\">\r\n                            <button class=\"jb-qty-minus\">&#8211;<\/button>\r\n                            <input class=\"jb-qty\" type=\"text\" disabled=\"\" value=\"0\">\r\n                            <button class=\"jb-qty-plus\">+<\/button>\r\n                        <\/div>\r\n                    <\/div>\r\n            \r\n                    <div class=\"jbCartItemsRow\" id=\"jb_product_type_1685\" data-id=\"1685\">\r\n                      <div class=\"jb-cart-item-boat\">&nbsp;<\/div> \r\n                      <div class=\"jb-time-select-container\">&nbsp;<\/div>\r\n                        <div class=\"jb-cart-item-label\">Enfant (3 \u00e0 15 ans)<\/div>\r\n                       <div class=\"jb-qty-container\">\r\n                            <button class=\"jb-qty-minus\">&#8211;<\/button>\r\n                            <input class=\"jb-qty\" type=\"text\" disabled=\"\" value=\"0\">\r\n                            <button class=\"jb-qty-plus\">+<\/button>\r\n                        <\/div>\r\n                    <\/div>\r\n            \r\n                    <div class=\"jbCartItemsRow\" id=\"jb_product_type_1684\" data-id=\"1684\">\r\n                      <div class=\"jb-cart-item-boat\">&nbsp;<\/div> \r\n                      <div class=\"jb-time-select-container\">&nbsp;<\/div>\r\n                        <div class=\"jb-cart-item-label\">2 ans et moins<\/div>\r\n                       <div class=\"jb-qty-container\">\r\n                            <button class=\"jb-qty-minus\">&#8211;<\/button>\r\n                            <input class=\"jb-qty\" type=\"text\" disabled=\"\" value=\"0\">\r\n                            <button class=\"jb-qty-plus\">+<\/button>\r\n                        <\/div>\r\n                    <\/div>\r\n            <br><\/div><div class=\"jbCartItems\" data-boat-id=\"3\">\r\n                    <div class=\"jbCartItemsRow\" id=\"jb_product_type_18374\" data-id=\"18374\">\r\n                      <div class=\"jb-cart-item-boat\">Rocher L.V<\/div> \r\n                      <div class=\"jb-time-select-container\"><select class=\"jb-time-select\"><\/select><\/div>\r\n                        <div class=\"jb-cart-item-label\">Adulte (13 ans et plus)<\/div>\r\n                       <div class=\"jb-qty-container\">\r\n                            <button class=\"jb-qty-minus\">&#8211;<\/button>\r\n                            <input class=\"jb-qty\" type=\"text\" disabled=\"\" value=\"0\">\r\n                            <button class=\"jb-qty-plus\">+<\/button>\r\n                        <\/div>\r\n                    <\/div>\r\n            <br><p class='text-center'>* signifie que le service d\u2019animation sera en fran\u00e7ais et en anglais.<\/p><\/div><div class='jbCartButtons'><button class='btn btn-primary' id='addtoCartPay'>Ajouter au panier et payer<\/button><\/div><\/div><div class='places-desc-box'><div class='legende-dispo-box'><div class='carre'><\/div><div class='txt-legende'>Places disponibles<\/div><\/div><div class='legende-complet-box'><div class='carre'><\/div><div class='txt-legende'>D\u00e9parts pleins<\/div><\/div><\/div><\/div><\/div>","protected":false},"excerpt":{"rendered":"<p>Billetterie Bonne nouvelle, nous avons maintenant un d\u00e9part de la marina de Gasp\u00e9.\u00a0 Lorsque vous r\u00e9servez \u00e0 bord du Cap Aventure, votre embarquement y sera. V\u00e9rifiez bien votre r\u00e9servation pour vous assurez de vous rendre au bon endroit. https:\/\/www.google.com\/maps\/dir\/\/Club+Nautique+Jacques-Cartier,+10+Rue+de+la+Marina,+Gasp%C3%A9,+QC+G4X+3B1\/@44.6234624,-65.7648416,79340m\/data=!3m1!1e3!4m8!4m7!1m0!1m5!1m1!1s0x4c9bbf1a69c4cf51:0x4e737e833a5fcda0!2m2!1d-64.4782104!2d48.827507?entry=ttu&amp;g_ep=EgoyMDI2MDMxNy4wIKXMDSoASAFQAw%3D%3D TR\u00c8S IMPORTANT (\u00c0 lire avant de r\u00e9server en bas de page dans le calendrier) SVP, habillez-vous [&hellip;]<\/p>\n","protected":false},"author":4,"featured_media":0,"parent":0,"menu_order":0,"comment_status":"closed","ping_status":"closed","template":"page-billetterie.php","meta":{"_acf_changed":false,"_genesis_hide_title":false,"_genesis_hide_breadcrumbs":false,"_genesis_hide_singular_image":false,"_genesis_hide_footer_widgets":false,"_genesis_custom_body_class":"","_genesis_custom_post_class":"","_genesis_layout":"","footnotes":""},"yoast_head":"<!-- This site is optimized with the Yoast SEO plugin v22.5 - https:\/\/yoast.com\/wordpress\/plugins\/seo\/ -->\n<title>Billetterie - Baleines Forillon<\/title>\n<meta name=\"robots\" content=\"index, follow, max-snippet:-1, max-image-preview:large, max-video-preview:-1\" \/>\n<link rel=\"canonical\" href=\"https:\/\/www.baleines-forillon.com\/fr\/billetterie\/\" \/>\n<meta property=\"og:locale\" content=\"fr_CA\" \/>\n<meta property=\"og:type\" content=\"article\" \/>\n<meta property=\"og:title\" content=\"Billetterie - Baleines Forillon\" \/>\n<meta property=\"og:description\" content=\"Billetterie Bonne nouvelle, nous avons maintenant un d\u00e9part de la marina de Gasp\u00e9.\u00a0 Lorsque vous r\u00e9servez \u00e0 bord du Cap Aventure, votre embarquement y sera. V\u00e9rifiez bien votre r\u00e9servation pour vous assurez de vous rendre au bon endroit. https:\/\/www.google.com\/maps\/dir\/\/Club+Nautique+Jacques-Cartier,+10+Rue+de+la+Marina,+Gasp%C3%A9,+QC+G4X+3B1\/@44.6234624,-65.7648416,79340m\/data=!3m1!1e3!4m8!4m7!1m0!1m5!1m1!1s0x4c9bbf1a69c4cf51:0x4e737e833a5fcda0!2m2!1d-64.4782104!2d48.827507?entry=ttu&amp;g_ep=EgoyMDI2MDMxNy4wIKXMDSoASAFQAw%3D%3D TR\u00c8S IMPORTANT (\u00c0 lire avant de r\u00e9server en bas de page dans le calendrier) SVP, habillez-vous [&hellip;]\" \/>\n<meta property=\"og:url\" content=\"https:\/\/www.baleines-forillon.com\/fr\/billetterie\/\" \/>\n<meta property=\"og:site_name\" content=\"Baleines Forillon\" \/>\n<meta property=\"article:modified_time\" content=\"2026-03-25T17:41:39+00:00\" \/>\n<meta name=\"twitter:card\" content=\"summary_large_image\" \/>\n<meta name=\"twitter:label1\" content=\"Estimation du temps de lecture\" \/>\n\t<meta name=\"twitter:data1\" content=\"2 minutes\" \/>\n<script type=\"application\/ld+json\" class=\"yoast-schema-graph\">{\"@context\":\"https:\/\/schema.org\",\"@graph\":[{\"@type\":\"WebPage\",\"@id\":\"https:\/\/www.baleines-forillon.com\/fr\/billetterie\/\",\"url\":\"https:\/\/www.baleines-forillon.com\/fr\/billetterie\/\",\"name\":\"Billetterie - Baleines Forillon\",\"isPartOf\":{\"@id\":\"https:\/\/baleines-forillon.com\/fr\/#website\"},\"datePublished\":\"2020-01-28T20:06:25+00:00\",\"dateModified\":\"2026-03-25T17:41:39+00:00\",\"breadcrumb\":{\"@id\":\"https:\/\/www.baleines-forillon.com\/fr\/billetterie\/#breadcrumb\"},\"inLanguage\":\"fr-CA\",\"potentialAction\":[{\"@type\":\"ReadAction\",\"target\":[\"https:\/\/www.baleines-forillon.com\/fr\/billetterie\/\"]}]},{\"@type\":\"BreadcrumbList\",\"@id\":\"https:\/\/www.baleines-forillon.com\/fr\/billetterie\/#breadcrumb\",\"itemListElement\":[{\"@type\":\"ListItem\",\"position\":1,\"name\":\"Home\",\"item\":\"https:\/\/www.baleines-forillon.com\/fr\/\"},{\"@type\":\"ListItem\",\"position\":2,\"name\":\"Billetterie\"}]},{\"@type\":\"WebSite\",\"@id\":\"https:\/\/baleines-forillon.com\/fr\/#website\",\"url\":\"https:\/\/baleines-forillon.com\/fr\/\",\"name\":\"Baleines Forillon\",\"description\":\"Observation de baleines au parc national Forillon | Whale-watching Cruise in Forillon National Park\",\"potentialAction\":[{\"@type\":\"SearchAction\",\"target\":{\"@type\":\"EntryPoint\",\"urlTemplate\":\"https:\/\/baleines-forillon.com\/fr\/?s={search_term_string}\"},\"query-input\":\"required name=search_term_string\"}],\"inLanguage\":\"fr-CA\"}]}<\/script>\n<!-- \/ Yoast SEO plugin. -->","yoast_head_json":{"title":"Billetterie - Baleines Forillon","robots":{"index":"index","follow":"follow","max-snippet":"max-snippet:-1","max-image-preview":"max-image-preview:large","max-video-preview":"max-video-preview:-1"},"canonical":"https:\/\/www.baleines-forillon.com\/fr\/billetterie\/","og_locale":"fr_CA","og_type":"article","og_title":"Billetterie - Baleines Forillon","og_description":"Billetterie Bonne nouvelle, nous avons maintenant un d\u00e9part de la marina de Gasp\u00e9.\u00a0 Lorsque vous r\u00e9servez \u00e0 bord du Cap Aventure, votre embarquement y sera. V\u00e9rifiez bien votre r\u00e9servation pour vous assurez de vous rendre au bon endroit. https:\/\/www.google.com\/maps\/dir\/\/Club+Nautique+Jacques-Cartier,+10+Rue+de+la+Marina,+Gasp%C3%A9,+QC+G4X+3B1\/@44.6234624,-65.7648416,79340m\/data=!3m1!1e3!4m8!4m7!1m0!1m5!1m1!1s0x4c9bbf1a69c4cf51:0x4e737e833a5fcda0!2m2!1d-64.4782104!2d48.827507?entry=ttu&amp;g_ep=EgoyMDI2MDMxNy4wIKXMDSoASAFQAw%3D%3D TR\u00c8S IMPORTANT (\u00c0 lire avant de r\u00e9server en bas de page dans le calendrier) SVP, habillez-vous [&hellip;]","og_url":"https:\/\/www.baleines-forillon.com\/fr\/billetterie\/","og_site_name":"Baleines Forillon","article_modified_time":"2026-03-25T17:41:39+00:00","twitter_card":"summary_large_image","twitter_misc":{"Estimation du temps de lecture":"2 minutes"},"schema":{"@context":"https:\/\/schema.org","@graph":[{"@type":"WebPage","@id":"https:\/\/www.baleines-forillon.com\/fr\/billetterie\/","url":"https:\/\/www.baleines-forillon.com\/fr\/billetterie\/","name":"Billetterie - Baleines Forillon","isPartOf":{"@id":"https:\/\/baleines-forillon.com\/fr\/#website"},"datePublished":"2020-01-28T20:06:25+00:00","dateModified":"2026-03-25T17:41:39+00:00","breadcrumb":{"@id":"https:\/\/www.baleines-forillon.com\/fr\/billetterie\/#breadcrumb"},"inLanguage":"fr-CA","potentialAction":[{"@type":"ReadAction","target":["https:\/\/www.baleines-forillon.com\/fr\/billetterie\/"]}]},{"@type":"BreadcrumbList","@id":"https:\/\/www.baleines-forillon.com\/fr\/billetterie\/#breadcrumb","itemListElement":[{"@type":"ListItem","position":1,"name":"Home","item":"https:\/\/www.baleines-forillon.com\/fr\/"},{"@type":"ListItem","position":2,"name":"Billetterie"}]},{"@type":"WebSite","@id":"https:\/\/baleines-forillon.com\/fr\/#website","url":"https:\/\/baleines-forillon.com\/fr\/","name":"Baleines Forillon","description":"Observation de baleines au parc national Forillon | Whale-watching Cruise in Forillon National Park","potentialAction":[{"@type":"SearchAction","target":{"@type":"EntryPoint","urlTemplate":"https:\/\/baleines-forillon.com\/fr\/?s={search_term_string}"},"query-input":"required name=search_term_string"}],"inLanguage":"fr-CA"}]}},"acf":[],"_links":{"self":[{"href":"https:\/\/www.baleines-forillon.com\/fr\/wp-json\/wp\/v2\/pages\/1673"}],"collection":[{"href":"https:\/\/www.baleines-forillon.com\/fr\/wp-json\/wp\/v2\/pages"}],"about":[{"href":"https:\/\/www.baleines-forillon.com\/fr\/wp-json\/wp\/v2\/types\/page"}],"author":[{"embeddable":true,"href":"https:\/\/www.baleines-forillon.com\/fr\/wp-json\/wp\/v2\/users\/4"}],"replies":[{"embeddable":true,"href":"https:\/\/www.baleines-forillon.com\/fr\/wp-json\/wp\/v2\/comments?post=1673"}],"version-history":[{"count":56,"href":"https:\/\/www.baleines-forillon.com\/fr\/wp-json\/wp\/v2\/pages\/1673\/revisions"}],"predecessor-version":[{"id":34048,"href":"https:\/\/www.baleines-forillon.com\/fr\/wp-json\/wp\/v2\/pages\/1673\/revisions\/34048"}],"wp:attachment":[{"href":"https:\/\/www.baleines-forillon.com\/fr\/wp-json\/wp\/v2\/media?parent=1673"}],"curies":[{"name":"wp","href":"https:\/\/api.w.org\/{rel}","templated":true}]}}