{"id":274,"date":"2016-05-21T14:42:39","date_gmt":"2016-05-21T18:42:39","guid":{"rendered":"http:\/\/baleine-gaspe-www.jolidev\/fr\/?page_id=274"},"modified":"2016-10-27T21:08:36","modified_gmt":"2016-10-28T01:08:36","slug":"rorqual-a-bosse","status":"publish","type":"page","link":"https:\/\/www.baleines-forillon.com\/fr\/les-baleines-de-forillon\/rorqual-a-bosse\/","title":{"rendered":"Rorqual \u00e0 bosse"},"content":{"rendered":"<div id=\"attachment_166\" style=\"width: 360px\" class=\"wp-caption alignnone\"><img loading=\"lazy\" decoding=\"async\" aria-describedby=\"caption-attachment-166\" class=\"size-full wp-image-166\" src=\"https:\/\/baleines-forillon.com\/wp-content\/uploads\/2016\/05\/Humpbackwhale-Image1-imageID3.jpg\" alt=\"Photo par Jacques Tournel\" width=\"350\" height=\"180\" srcset=\"https:\/\/www.baleines-forillon.com\/wp-content\/uploads\/2016\/05\/Humpbackwhale-Image1-imageID3.jpg 350w, https:\/\/www.baleines-forillon.com\/wp-content\/uploads\/2016\/05\/Humpbackwhale-Image1-imageID3-300x154.jpg 300w\" sizes=\"(max-width: 350px) 100vw, 350px\" \/><p id=\"caption-attachment-166\" class=\"wp-caption-text\">Photo par Jacques Tournel<\/p><\/div>\n<h6><span id=\"cphContent_lblLatinName\">Balaenoptera megaptera (immense ailes)<\/span><\/h6>\n<h6><span id=\"cphContent_lblClass\">Baleine \u00e0 fanons (Mystic\u00e8tes)<\/span><\/h6>\n<p>&nbsp;<\/p>\n<h4><label id=\"cphContent_LabelForLength\" class=\"label\" title=\"Longueur\" for=\"cphContent_lblLength\">Longueur :<\/label><\/h4>\n<p><span id=\"cphContent_lblLength\">13 \u00e0 16 m<\/span><\/p>\n<h4><span id=\"cphContent_LabelForWeight\" class=\"label\" title=\"Poids \">Poids : <\/span><\/h4>\n<p><span id=\"cphContent_lblWeight\"> 25 \u00e0 30 t<\/span><\/p>\n<h4><span id=\"cphContent_LabelForBehaviour\" class=\"label\" title=\"Apparence et comportement \u00e0 la surface \">Apparence et comportement \u00e0 la surface : <\/span><\/h4>\n<p><span id=\"cphContent_lblBehaviour\">Le rorqual \u00e0 bosse est noir sur la face dorsale et est blanc et noir sur le ventre. Son nom fait r\u00e9f\u00e9rence \u00e0 la bosse sur laquelle la nageoire dorsale semble plac\u00e9e. Le souffle d&rsquo;environ 3 m est en forme de champignon. Le rorqual \u00e0 bosse est certainement la baleine qui offre le meilleur spectacle. On peut l&rsquo;apercevoir en breaching (elle sort alors compl\u00e8tement hors de l&rsquo;eau) et en lobtailing (elle frappe la surface de l&rsquo;eau avec la nageoire caudale).<br \/>\n<\/span><\/p>\n<h4><span id=\"cphContent_LabelForFacts\" class=\"label\" title=\"Fait int\u00e9ressant \">Fait int\u00e9ressant : <\/span><\/h4>\n<p><span id=\"cphContent_lblFacts\">Comme nos empreintes digitales, le dessous de la queue du rorqual \u00e0 bosse est unique et a contribu\u00e9 \u00e0 identifier des individus et des populations. <\/span><\/p>\n<h4><span id=\"cphContent_LabelForFrequency\" class=\"label\">Fr\u00e9quence de cette esp\u00e8ce \u00e0 Forillon :<\/span><\/h4>\n<p><span id=\"cphContent_lblFrequency\">Observations r\u00e9guli\u00e8res de juin \u00e0 octobre.<br \/>\n<\/span><\/p>\n","protected":false},"excerpt":{"rendered":"<p>Balaenoptera megaptera (immense ailes) Baleine \u00e0 fanons (Mystic\u00e8tes) &nbsp; Longueur : 13 \u00e0 16 m Poids : 25 \u00e0 30 t Apparence et comportement \u00e0 la surface : Le rorqual \u00e0 bosse est noir sur la face dorsale et est blanc et noir sur le ventre. Son nom fait r\u00e9f\u00e9rence \u00e0 la bosse sur laquelle [&hellip;]<\/p>\n","protected":false},"author":1,"featured_media":0,"parent":151,"menu_order":0,"comment_status":"closed","ping_status":"closed","template":"","meta":{"_acf_changed":false,"_genesis_hide_title":false,"_genesis_hide_breadcrumbs":false,"_genesis_hide_singular_image":false,"_genesis_hide_footer_widgets":false,"_genesis_custom_body_class":"","_genesis_custom_post_class":"","_genesis_layout":"","footnotes":""},"yoast_head":"<!-- This site is optimized with the Yoast SEO plugin v22.5 - https:\/\/yoast.com\/wordpress\/plugins\/seo\/ -->\n<title>Rorqual \u00e0 bosse - Baleines Forillon<\/title>\n<meta name=\"robots\" content=\"index, follow, max-snippet:-1, max-image-preview:large, max-video-preview:-1\" \/>\n<link rel=\"canonical\" href=\"https:\/\/www.baleines-forillon.com\/fr\/les-baleines-de-forillon\/rorqual-a-bosse\/\" \/>\n<meta property=\"og:locale\" content=\"fr_CA\" \/>\n<meta property=\"og:type\" content=\"article\" \/>\n<meta property=\"og:title\" content=\"Rorqual \u00e0 bosse - Baleines Forillon\" \/>\n<meta property=\"og:description\" content=\"Balaenoptera megaptera (immense ailes) Baleine \u00e0 fanons (Mystic\u00e8tes) &nbsp; Longueur : 13 \u00e0 16 m Poids : 25 \u00e0 30 t Apparence et comportement \u00e0 la surface : Le rorqual \u00e0 bosse est noir sur la face dorsale et est blanc et noir sur le ventre. Son nom fait r\u00e9f\u00e9rence \u00e0 la bosse sur laquelle [&hellip;]\" \/>\n<meta property=\"og:url\" content=\"https:\/\/www.baleines-forillon.com\/fr\/les-baleines-de-forillon\/rorqual-a-bosse\/\" \/>\n<meta property=\"og:site_name\" content=\"Baleines Forillon\" \/>\n<meta property=\"article:modified_time\" content=\"2016-10-28T01:08:36+00:00\" \/>\n<meta property=\"og:image\" content=\"https:\/\/baleines-forillon.com\/wp-content\/uploads\/2016\/05\/Humpbackwhale-Image1-imageID3.jpg\" \/>\n<meta name=\"twitter:card\" content=\"summary_large_image\" \/>\n<meta name=\"twitter:label1\" content=\"Estimation du temps de lecture\" \/>\n\t<meta name=\"twitter:data1\" content=\"1 minute\" \/>\n<script type=\"application\/ld+json\" class=\"yoast-schema-graph\">{\"@context\":\"https:\/\/schema.org\",\"@graph\":[{\"@type\":\"WebPage\",\"@id\":\"https:\/\/www.baleines-forillon.com\/fr\/les-baleines-de-forillon\/rorqual-a-bosse\/\",\"url\":\"https:\/\/www.baleines-forillon.com\/fr\/les-baleines-de-forillon\/rorqual-a-bosse\/\",\"name\":\"Rorqual \u00e0 bosse - Baleines Forillon\",\"isPartOf\":{\"@id\":\"https:\/\/baleines-forillon.com\/fr\/#website\"},\"primaryImageOfPage\":{\"@id\":\"https:\/\/www.baleines-forillon.com\/fr\/les-baleines-de-forillon\/rorqual-a-bosse\/#primaryimage\"},\"image\":{\"@id\":\"https:\/\/www.baleines-forillon.com\/fr\/les-baleines-de-forillon\/rorqual-a-bosse\/#primaryimage\"},\"thumbnailUrl\":\"https:\/\/baleines-forillon.com\/wp-content\/uploads\/2016\/05\/Humpbackwhale-Image1-imageID3.jpg\",\"datePublished\":\"2016-05-21T18:42:39+00:00\",\"dateModified\":\"2016-10-28T01:08:36+00:00\",\"breadcrumb\":{\"@id\":\"https:\/\/www.baleines-forillon.com\/fr\/les-baleines-de-forillon\/rorqual-a-bosse\/#breadcrumb\"},\"inLanguage\":\"fr-CA\",\"potentialAction\":[{\"@type\":\"ReadAction\",\"target\":[\"https:\/\/www.baleines-forillon.com\/fr\/les-baleines-de-forillon\/rorqual-a-bosse\/\"]}]},{\"@type\":\"ImageObject\",\"inLanguage\":\"fr-CA\",\"@id\":\"https:\/\/www.baleines-forillon.com\/fr\/les-baleines-de-forillon\/rorqual-a-bosse\/#primaryimage\",\"url\":\"https:\/\/baleines-forillon.com\/wp-content\/uploads\/2016\/05\/Humpbackwhale-Image1-imageID3.jpg\",\"contentUrl\":\"https:\/\/baleines-forillon.com\/wp-content\/uploads\/2016\/05\/Humpbackwhale-Image1-imageID3.jpg\"},{\"@type\":\"BreadcrumbList\",\"@id\":\"https:\/\/www.baleines-forillon.com\/fr\/les-baleines-de-forillon\/rorqual-a-bosse\/#breadcrumb\",\"itemListElement\":[{\"@type\":\"ListItem\",\"position\":1,\"name\":\"Home\",\"item\":\"https:\/\/www.baleines-forillon.com\/fr\/\"},{\"@type\":\"ListItem\",\"position\":2,\"name\":\"Les baleines de Forillon\",\"item\":\"https:\/\/www.baleines-forillon.com\/fr\/les-baleines-de-forillon\/\"},{\"@type\":\"ListItem\",\"position\":3,\"name\":\"Rorqual \u00e0 bosse\"}]},{\"@type\":\"WebSite\",\"@id\":\"https:\/\/baleines-forillon.com\/fr\/#website\",\"url\":\"https:\/\/baleines-forillon.com\/fr\/\",\"name\":\"Baleines Forillon\",\"description\":\"Observation de baleines au parc national Forillon | Whale-watching Cruise in Forillon National Park\",\"potentialAction\":[{\"@type\":\"SearchAction\",\"target\":{\"@type\":\"EntryPoint\",\"urlTemplate\":\"https:\/\/baleines-forillon.com\/fr\/?s={search_term_string}\"},\"query-input\":\"required name=search_term_string\"}],\"inLanguage\":\"fr-CA\"}]}<\/script>\n<!-- \/ Yoast SEO plugin. -->","yoast_head_json":{"title":"Rorqual \u00e0 bosse - Baleines Forillon","robots":{"index":"index","follow":"follow","max-snippet":"max-snippet:-1","max-image-preview":"max-image-preview:large","max-video-preview":"max-video-preview:-1"},"canonical":"https:\/\/www.baleines-forillon.com\/fr\/les-baleines-de-forillon\/rorqual-a-bosse\/","og_locale":"fr_CA","og_type":"article","og_title":"Rorqual \u00e0 bosse - Baleines Forillon","og_description":"Balaenoptera megaptera (immense ailes) Baleine \u00e0 fanons (Mystic\u00e8tes) &nbsp; Longueur : 13 \u00e0 16 m Poids : 25 \u00e0 30 t Apparence et comportement \u00e0 la surface : Le rorqual \u00e0 bosse est noir sur la face dorsale et est blanc et noir sur le ventre. Son nom fait r\u00e9f\u00e9rence \u00e0 la bosse sur laquelle [&hellip;]","og_url":"https:\/\/www.baleines-forillon.com\/fr\/les-baleines-de-forillon\/rorqual-a-bosse\/","og_site_name":"Baleines Forillon","article_modified_time":"2016-10-28T01:08:36+00:00","og_image":[{"url":"https:\/\/baleines-forillon.com\/wp-content\/uploads\/2016\/05\/Humpbackwhale-Image1-imageID3.jpg"}],"twitter_card":"summary_large_image","twitter_misc":{"Estimation du temps de lecture":"1 minute"},"schema":{"@context":"https:\/\/schema.org","@graph":[{"@type":"WebPage","@id":"https:\/\/www.baleines-forillon.com\/fr\/les-baleines-de-forillon\/rorqual-a-bosse\/","url":"https:\/\/www.baleines-forillon.com\/fr\/les-baleines-de-forillon\/rorqual-a-bosse\/","name":"Rorqual \u00e0 bosse - Baleines Forillon","isPartOf":{"@id":"https:\/\/baleines-forillon.com\/fr\/#website"},"primaryImageOfPage":{"@id":"https:\/\/www.baleines-forillon.com\/fr\/les-baleines-de-forillon\/rorqual-a-bosse\/#primaryimage"},"image":{"@id":"https:\/\/www.baleines-forillon.com\/fr\/les-baleines-de-forillon\/rorqual-a-bosse\/#primaryimage"},"thumbnailUrl":"https:\/\/baleines-forillon.com\/wp-content\/uploads\/2016\/05\/Humpbackwhale-Image1-imageID3.jpg","datePublished":"2016-05-21T18:42:39+00:00","dateModified":"2016-10-28T01:08:36+00:00","breadcrumb":{"@id":"https:\/\/www.baleines-forillon.com\/fr\/les-baleines-de-forillon\/rorqual-a-bosse\/#breadcrumb"},"inLanguage":"fr-CA","potentialAction":[{"@type":"ReadAction","target":["https:\/\/www.baleines-forillon.com\/fr\/les-baleines-de-forillon\/rorqual-a-bosse\/"]}]},{"@type":"ImageObject","inLanguage":"fr-CA","@id":"https:\/\/www.baleines-forillon.com\/fr\/les-baleines-de-forillon\/rorqual-a-bosse\/#primaryimage","url":"https:\/\/baleines-forillon.com\/wp-content\/uploads\/2016\/05\/Humpbackwhale-Image1-imageID3.jpg","contentUrl":"https:\/\/baleines-forillon.com\/wp-content\/uploads\/2016\/05\/Humpbackwhale-Image1-imageID3.jpg"},{"@type":"BreadcrumbList","@id":"https:\/\/www.baleines-forillon.com\/fr\/les-baleines-de-forillon\/rorqual-a-bosse\/#breadcrumb","itemListElement":[{"@type":"ListItem","position":1,"name":"Home","item":"https:\/\/www.baleines-forillon.com\/fr\/"},{"@type":"ListItem","position":2,"name":"Les baleines de Forillon","item":"https:\/\/www.baleines-forillon.com\/fr\/les-baleines-de-forillon\/"},{"@type":"ListItem","position":3,"name":"Rorqual \u00e0 bosse"}]},{"@type":"WebSite","@id":"https:\/\/baleines-forillon.com\/fr\/#website","url":"https:\/\/baleines-forillon.com\/fr\/","name":"Baleines Forillon","description":"Observation de baleines au parc national Forillon | Whale-watching Cruise in Forillon National Park","potentialAction":[{"@type":"SearchAction","target":{"@type":"EntryPoint","urlTemplate":"https:\/\/baleines-forillon.com\/fr\/?s={search_term_string}"},"query-input":"required name=search_term_string"}],"inLanguage":"fr-CA"}]}},"acf":[],"_links":{"self":[{"href":"https:\/\/www.baleines-forillon.com\/fr\/wp-json\/wp\/v2\/pages\/274"}],"collection":[{"href":"https:\/\/www.baleines-forillon.com\/fr\/wp-json\/wp\/v2\/pages"}],"about":[{"href":"https:\/\/www.baleines-forillon.com\/fr\/wp-json\/wp\/v2\/types\/page"}],"author":[{"embeddable":true,"href":"https:\/\/www.baleines-forillon.com\/fr\/wp-json\/wp\/v2\/users\/1"}],"replies":[{"embeddable":true,"href":"https:\/\/www.baleines-forillon.com\/fr\/wp-json\/wp\/v2\/comments?post=274"}],"version-history":[{"count":5,"href":"https:\/\/www.baleines-forillon.com\/fr\/wp-json\/wp\/v2\/pages\/274\/revisions"}],"predecessor-version":[{"id":1030,"href":"https:\/\/www.baleines-forillon.com\/fr\/wp-json\/wp\/v2\/pages\/274\/revisions\/1030"}],"up":[{"embeddable":true,"href":"https:\/\/www.baleines-forillon.com\/fr\/wp-json\/wp\/v2\/pages\/151"}],"wp:attachment":[{"href":"https:\/\/www.baleines-forillon.com\/fr\/wp-json\/wp\/v2\/media?parent=274"}],"curies":[{"name":"wp","href":"https:\/\/api.w.org\/{rel}","templated":true}]}}