{"id":277,"date":"2016-05-21T14:43:40","date_gmt":"2016-05-21T18:43:40","guid":{"rendered":"http:\/\/baleine-gaspe-www.jolidev\/fr\/?page_id=277"},"modified":"2016-10-27T21:01:28","modified_gmt":"2016-10-28T01:01:28","slug":"dauphin-a-flancs-blancs-de-latlantique","status":"publish","type":"page","link":"https:\/\/www.baleines-forillon.com\/fr\/les-baleines-de-forillon\/dauphin-a-flancs-blancs-de-latlantique\/","title":{"rendered":"Dauphin \u00e0 flancs blancs de l&rsquo;Atlantique"},"content":{"rendered":"<div id=\"attachment_178\" style=\"width: 360px\" class=\"wp-caption alignnone\"><img fetchpriority=\"high\" decoding=\"async\" aria-describedby=\"caption-attachment-178\" class=\"size-full wp-image-178\" src=\"https:\/\/baleines-forillon.com\/wp-content\/uploads\/2016\/05\/dauphin-atlantique-Image1-imageID5.jpg\" alt=\"Merci \u00e0 www.whalesightings.com pour cette image\" width=\"350\" height=\"225\" srcset=\"https:\/\/www.baleines-forillon.com\/wp-content\/uploads\/2016\/05\/dauphin-atlantique-Image1-imageID5.jpg 350w, https:\/\/www.baleines-forillon.com\/wp-content\/uploads\/2016\/05\/dauphin-atlantique-Image1-imageID5-300x193.jpg 300w\" sizes=\"(max-width: 350px) 100vw, 350px\" \/><p id=\"caption-attachment-178\" class=\"wp-caption-text\">Merci \u00e0 www.whalesightings.com pour cette image<\/p><\/div>\n<h6><span id=\"cphContent_lblLatinName\">Lagenorhynchus acutus<\/span><\/h6>\n<h6><span id=\"cphContent_lblClass\">Baleine \u00e0 dents (Odontoc\u00e8tes)<\/span><\/h6>\n<p>&nbsp;<\/p>\n<h4><label id=\"cphContent_LabelForLength\" class=\"label\" title=\"Longueur\" for=\"cphContent_lblLength\">Longueur :<\/label><\/h4>\n<p><span id=\"cphContent_lblLength\">2 \u00e0 2.7 m<\/span><\/p>\n<h4><span id=\"cphContent_LabelForWeight\" class=\"label\" title=\"Poids \">Poids : <\/span><\/h4>\n<p><span id=\"cphContent_lblWeight\"> 150 \u00e0 200 Kg<\/span><\/p>\n<h4><span id=\"cphContent_LabelForBehaviour\" class=\"label\" title=\"Apparence et comportement \u00e0 la surface \">Apparence et comportement \u00e0 la surface : <\/span><\/h4>\n<p><span id=\"cphContent_lblBehaviour\">Une esp\u00e8ce qui ne passe pas inaper\u00e7ue lors de ses visites (plut\u00f4t \u00e0 partir du mois d&rsquo;ao\u00fbt) puisque les dauphins arrivent habituellement en groupe. On peut alors apercevoir la ligne blanche sur le c\u00f4t\u00e9 qui leur a valu le nom de &laquo;flancs blancs&raquo;.<br \/>\n<\/span><\/p>\n<h4><span id=\"cphContent_LabelForFacts\" class=\"label\" title=\"Fait int\u00e9ressant \">Fait int\u00e9ressant : <\/span><\/h4>\n<p><span id=\"cphContent_lblFacts\">Bien que l&rsquo;on associe habituellement les dauphins \u00e0 des eaux tropicales, cette esp\u00e8ce pr\u00e9f\u00e8re se retrouver dans des temp\u00e9ratures inf\u00e9rieures \u00e0 12 degr\u00e9s celcius. <\/span><\/p>\n<h4><span id=\"cphContent_LabelForFrequency\" class=\"label\">Fr\u00e9quence de cette esp\u00e8ce \u00e0 Forillon :<\/span><\/h4>\n<p><span id=\"cphContent_lblFrequency\">Observ\u00e9s \u00e0 partir de mi-juillet ou d\u00e9but du mois d\u2019ao\u00fbt jusqu\u2019\u00e0 octobre. Souvent en groupe de plusieurs centaines d\u2019individus.<\/span><\/p>\n","protected":false},"excerpt":{"rendered":"<p>Lagenorhynchus acutus Baleine \u00e0 dents (Odontoc\u00e8tes) &nbsp; Longueur : 2 \u00e0 2.7 m Poids : 150 \u00e0 200 Kg Apparence et comportement \u00e0 la surface : Une esp\u00e8ce qui ne passe pas inaper\u00e7ue lors de ses visites (plut\u00f4t \u00e0 partir du mois d&rsquo;ao\u00fbt) puisque les dauphins arrivent habituellement en groupe. On peut alors apercevoir la [&hellip;]<\/p>\n","protected":false},"author":1,"featured_media":0,"parent":151,"menu_order":0,"comment_status":"closed","ping_status":"closed","template":"","meta":{"_acf_changed":false,"_genesis_hide_title":false,"_genesis_hide_breadcrumbs":false,"_genesis_hide_singular_image":false,"_genesis_hide_footer_widgets":false,"_genesis_custom_body_class":"","_genesis_custom_post_class":"","_genesis_layout":"","footnotes":""},"yoast_head":"<!-- This site is optimized with the Yoast SEO plugin v22.5 - https:\/\/yoast.com\/wordpress\/plugins\/seo\/ -->\n<title>Dauphin \u00e0 flancs blancs de l&#039;Atlantique - Baleines Forillon<\/title>\n<meta name=\"robots\" content=\"index, follow, max-snippet:-1, max-image-preview:large, max-video-preview:-1\" \/>\n<link rel=\"canonical\" href=\"https:\/\/www.baleines-forillon.com\/fr\/les-baleines-de-forillon\/dauphin-a-flancs-blancs-de-latlantique\/\" \/>\n<meta property=\"og:locale\" content=\"fr_CA\" \/>\n<meta property=\"og:type\" content=\"article\" \/>\n<meta property=\"og:title\" content=\"Dauphin \u00e0 flancs blancs de l&#039;Atlantique - Baleines Forillon\" \/>\n<meta property=\"og:description\" content=\"Lagenorhynchus acutus Baleine \u00e0 dents (Odontoc\u00e8tes) &nbsp; Longueur : 2 \u00e0 2.7 m Poids : 150 \u00e0 200 Kg Apparence et comportement \u00e0 la surface : Une esp\u00e8ce qui ne passe pas inaper\u00e7ue lors de ses visites (plut\u00f4t \u00e0 partir du mois d&rsquo;ao\u00fbt) puisque les dauphins arrivent habituellement en groupe. On peut alors apercevoir la [&hellip;]\" \/>\n<meta property=\"og:url\" content=\"https:\/\/www.baleines-forillon.com\/fr\/les-baleines-de-forillon\/dauphin-a-flancs-blancs-de-latlantique\/\" \/>\n<meta property=\"og:site_name\" content=\"Baleines Forillon\" \/>\n<meta property=\"article:modified_time\" content=\"2016-10-28T01:01:28+00:00\" \/>\n<meta property=\"og:image\" content=\"https:\/\/baleines-forillon.com\/wp-content\/uploads\/2016\/05\/dauphin-atlantique-Image1-imageID5.jpg\" \/>\n<meta name=\"twitter:card\" content=\"summary_large_image\" \/>\n<meta name=\"twitter:label1\" content=\"Estimation du temps de lecture\" \/>\n\t<meta name=\"twitter:data1\" content=\"1 minute\" \/>\n<script type=\"application\/ld+json\" class=\"yoast-schema-graph\">{\"@context\":\"https:\/\/schema.org\",\"@graph\":[{\"@type\":\"WebPage\",\"@id\":\"https:\/\/www.baleines-forillon.com\/fr\/les-baleines-de-forillon\/dauphin-a-flancs-blancs-de-latlantique\/\",\"url\":\"https:\/\/www.baleines-forillon.com\/fr\/les-baleines-de-forillon\/dauphin-a-flancs-blancs-de-latlantique\/\",\"name\":\"Dauphin \u00e0 flancs blancs de l'Atlantique - Baleines Forillon\",\"isPartOf\":{\"@id\":\"https:\/\/baleines-forillon.com\/fr\/#website\"},\"primaryImageOfPage\":{\"@id\":\"https:\/\/www.baleines-forillon.com\/fr\/les-baleines-de-forillon\/dauphin-a-flancs-blancs-de-latlantique\/#primaryimage\"},\"image\":{\"@id\":\"https:\/\/www.baleines-forillon.com\/fr\/les-baleines-de-forillon\/dauphin-a-flancs-blancs-de-latlantique\/#primaryimage\"},\"thumbnailUrl\":\"https:\/\/baleines-forillon.com\/wp-content\/uploads\/2016\/05\/dauphin-atlantique-Image1-imageID5.jpg\",\"datePublished\":\"2016-05-21T18:43:40+00:00\",\"dateModified\":\"2016-10-28T01:01:28+00:00\",\"breadcrumb\":{\"@id\":\"https:\/\/www.baleines-forillon.com\/fr\/les-baleines-de-forillon\/dauphin-a-flancs-blancs-de-latlantique\/#breadcrumb\"},\"inLanguage\":\"fr-CA\",\"potentialAction\":[{\"@type\":\"ReadAction\",\"target\":[\"https:\/\/www.baleines-forillon.com\/fr\/les-baleines-de-forillon\/dauphin-a-flancs-blancs-de-latlantique\/\"]}]},{\"@type\":\"ImageObject\",\"inLanguage\":\"fr-CA\",\"@id\":\"https:\/\/www.baleines-forillon.com\/fr\/les-baleines-de-forillon\/dauphin-a-flancs-blancs-de-latlantique\/#primaryimage\",\"url\":\"https:\/\/baleines-forillon.com\/wp-content\/uploads\/2016\/05\/dauphin-atlantique-Image1-imageID5.jpg\",\"contentUrl\":\"https:\/\/baleines-forillon.com\/wp-content\/uploads\/2016\/05\/dauphin-atlantique-Image1-imageID5.jpg\"},{\"@type\":\"BreadcrumbList\",\"@id\":\"https:\/\/www.baleines-forillon.com\/fr\/les-baleines-de-forillon\/dauphin-a-flancs-blancs-de-latlantique\/#breadcrumb\",\"itemListElement\":[{\"@type\":\"ListItem\",\"position\":1,\"name\":\"Home\",\"item\":\"https:\/\/www.baleines-forillon.com\/fr\/\"},{\"@type\":\"ListItem\",\"position\":2,\"name\":\"Les baleines de Forillon\",\"item\":\"https:\/\/www.baleines-forillon.com\/fr\/les-baleines-de-forillon\/\"},{\"@type\":\"ListItem\",\"position\":3,\"name\":\"Dauphin \u00e0 flancs blancs de l&rsquo;Atlantique\"}]},{\"@type\":\"WebSite\",\"@id\":\"https:\/\/baleines-forillon.com\/fr\/#website\",\"url\":\"https:\/\/baleines-forillon.com\/fr\/\",\"name\":\"Baleines Forillon\",\"description\":\"Observation de baleines au parc national Forillon | Whale-watching Cruise in Forillon National Park\",\"potentialAction\":[{\"@type\":\"SearchAction\",\"target\":{\"@type\":\"EntryPoint\",\"urlTemplate\":\"https:\/\/baleines-forillon.com\/fr\/?s={search_term_string}\"},\"query-input\":\"required name=search_term_string\"}],\"inLanguage\":\"fr-CA\"}]}<\/script>\n<!-- \/ Yoast SEO plugin. -->","yoast_head_json":{"title":"Dauphin \u00e0 flancs blancs de l'Atlantique - Baleines Forillon","robots":{"index":"index","follow":"follow","max-snippet":"max-snippet:-1","max-image-preview":"max-image-preview:large","max-video-preview":"max-video-preview:-1"},"canonical":"https:\/\/www.baleines-forillon.com\/fr\/les-baleines-de-forillon\/dauphin-a-flancs-blancs-de-latlantique\/","og_locale":"fr_CA","og_type":"article","og_title":"Dauphin \u00e0 flancs blancs de l'Atlantique - Baleines Forillon","og_description":"Lagenorhynchus acutus Baleine \u00e0 dents (Odontoc\u00e8tes) &nbsp; Longueur : 2 \u00e0 2.7 m Poids : 150 \u00e0 200 Kg Apparence et comportement \u00e0 la surface : Une esp\u00e8ce qui ne passe pas inaper\u00e7ue lors de ses visites (plut\u00f4t \u00e0 partir du mois d&rsquo;ao\u00fbt) puisque les dauphins arrivent habituellement en groupe. On peut alors apercevoir la [&hellip;]","og_url":"https:\/\/www.baleines-forillon.com\/fr\/les-baleines-de-forillon\/dauphin-a-flancs-blancs-de-latlantique\/","og_site_name":"Baleines Forillon","article_modified_time":"2016-10-28T01:01:28+00:00","og_image":[{"url":"https:\/\/baleines-forillon.com\/wp-content\/uploads\/2016\/05\/dauphin-atlantique-Image1-imageID5.jpg"}],"twitter_card":"summary_large_image","twitter_misc":{"Estimation du temps de lecture":"1 minute"},"schema":{"@context":"https:\/\/schema.org","@graph":[{"@type":"WebPage","@id":"https:\/\/www.baleines-forillon.com\/fr\/les-baleines-de-forillon\/dauphin-a-flancs-blancs-de-latlantique\/","url":"https:\/\/www.baleines-forillon.com\/fr\/les-baleines-de-forillon\/dauphin-a-flancs-blancs-de-latlantique\/","name":"Dauphin \u00e0 flancs blancs de l'Atlantique - Baleines Forillon","isPartOf":{"@id":"https:\/\/baleines-forillon.com\/fr\/#website"},"primaryImageOfPage":{"@id":"https:\/\/www.baleines-forillon.com\/fr\/les-baleines-de-forillon\/dauphin-a-flancs-blancs-de-latlantique\/#primaryimage"},"image":{"@id":"https:\/\/www.baleines-forillon.com\/fr\/les-baleines-de-forillon\/dauphin-a-flancs-blancs-de-latlantique\/#primaryimage"},"thumbnailUrl":"https:\/\/baleines-forillon.com\/wp-content\/uploads\/2016\/05\/dauphin-atlantique-Image1-imageID5.jpg","datePublished":"2016-05-21T18:43:40+00:00","dateModified":"2016-10-28T01:01:28+00:00","breadcrumb":{"@id":"https:\/\/www.baleines-forillon.com\/fr\/les-baleines-de-forillon\/dauphin-a-flancs-blancs-de-latlantique\/#breadcrumb"},"inLanguage":"fr-CA","potentialAction":[{"@type":"ReadAction","target":["https:\/\/www.baleines-forillon.com\/fr\/les-baleines-de-forillon\/dauphin-a-flancs-blancs-de-latlantique\/"]}]},{"@type":"ImageObject","inLanguage":"fr-CA","@id":"https:\/\/www.baleines-forillon.com\/fr\/les-baleines-de-forillon\/dauphin-a-flancs-blancs-de-latlantique\/#primaryimage","url":"https:\/\/baleines-forillon.com\/wp-content\/uploads\/2016\/05\/dauphin-atlantique-Image1-imageID5.jpg","contentUrl":"https:\/\/baleines-forillon.com\/wp-content\/uploads\/2016\/05\/dauphin-atlantique-Image1-imageID5.jpg"},{"@type":"BreadcrumbList","@id":"https:\/\/www.baleines-forillon.com\/fr\/les-baleines-de-forillon\/dauphin-a-flancs-blancs-de-latlantique\/#breadcrumb","itemListElement":[{"@type":"ListItem","position":1,"name":"Home","item":"https:\/\/www.baleines-forillon.com\/fr\/"},{"@type":"ListItem","position":2,"name":"Les baleines de Forillon","item":"https:\/\/www.baleines-forillon.com\/fr\/les-baleines-de-forillon\/"},{"@type":"ListItem","position":3,"name":"Dauphin \u00e0 flancs blancs de l&rsquo;Atlantique"}]},{"@type":"WebSite","@id":"https:\/\/baleines-forillon.com\/fr\/#website","url":"https:\/\/baleines-forillon.com\/fr\/","name":"Baleines Forillon","description":"Observation de baleines au parc national Forillon | Whale-watching Cruise in Forillon National Park","potentialAction":[{"@type":"SearchAction","target":{"@type":"EntryPoint","urlTemplate":"https:\/\/baleines-forillon.com\/fr\/?s={search_term_string}"},"query-input":"required name=search_term_string"}],"inLanguage":"fr-CA"}]}},"acf":[],"_links":{"self":[{"href":"https:\/\/www.baleines-forillon.com\/fr\/wp-json\/wp\/v2\/pages\/277"}],"collection":[{"href":"https:\/\/www.baleines-forillon.com\/fr\/wp-json\/wp\/v2\/pages"}],"about":[{"href":"https:\/\/www.baleines-forillon.com\/fr\/wp-json\/wp\/v2\/types\/page"}],"author":[{"embeddable":true,"href":"https:\/\/www.baleines-forillon.com\/fr\/wp-json\/wp\/v2\/users\/1"}],"replies":[{"embeddable":true,"href":"https:\/\/www.baleines-forillon.com\/fr\/wp-json\/wp\/v2\/comments?post=277"}],"version-history":[{"count":4,"href":"https:\/\/www.baleines-forillon.com\/fr\/wp-json\/wp\/v2\/pages\/277\/revisions"}],"predecessor-version":[{"id":1022,"href":"https:\/\/www.baleines-forillon.com\/fr\/wp-json\/wp\/v2\/pages\/277\/revisions\/1022"}],"up":[{"embeddable":true,"href":"https:\/\/www.baleines-forillon.com\/fr\/wp-json\/wp\/v2\/pages\/151"}],"wp:attachment":[{"href":"https:\/\/www.baleines-forillon.com\/fr\/wp-json\/wp\/v2\/media?parent=277"}],"curies":[{"name":"wp","href":"https:\/\/api.w.org\/{rel}","templated":true}]}}