{"id":296,"date":"2016-05-21T14:58:56","date_gmt":"2016-05-21T18:58:56","guid":{"rendered":"http:\/\/baleine-gaspe-www.jolidev\/fr\/?page_id=296"},"modified":"2016-12-15T15:59:38","modified_gmt":"2016-12-15T20:59:38","slug":"petit-rorqual","status":"publish","type":"page","link":"https:\/\/www.baleines-forillon.com\/fr\/les-baleines-de-forillon\/petit-rorqual\/","title":{"rendered":"Petit Rorqual"},"content":{"rendered":"<div id=\"attachment_173\" style=\"width: 310px\" class=\"wp-caption alignnone\"><img loading=\"lazy\" decoding=\"async\" aria-describedby=\"caption-attachment-173\" class=\"size-medium wp-image-173\" src=\"https:\/\/baleines-forillon.com\/wp-content\/uploads\/2016\/05\/petit-rorqual-Image1-imageID1-300x160.jpg\" alt=\"Photo Croisi\u00e8res Baie de Gasp\u00e9\" width=\"300\" height=\"160\" srcset=\"https:\/\/www.baleines-forillon.com\/wp-content\/uploads\/2016\/05\/petit-rorqual-Image1-imageID1-300x160.jpg 300w, https:\/\/www.baleines-forillon.com\/wp-content\/uploads\/2016\/05\/petit-rorqual-Image1-imageID1.jpg 350w\" sizes=\"(max-width: 300px) 100vw, 300px\" \/><p id=\"caption-attachment-173\" class=\"wp-caption-text\">Photo Croisi\u00e8res Baie de Gasp\u00e9<\/p><\/div>\n<div id=\"attachment_1231\" style=\"width: 310px\" class=\"wp-caption alignleft\"><img loading=\"lazy\" decoding=\"async\" aria-describedby=\"caption-attachment-1231\" class=\"size-medium wp-image-1231\" src=\"https:\/\/baleines-forillon.com\/wp-content\/uploads\/2016\/12\/Photos-baleines-2015-Marc-Debain-185-300x188.jpg\" alt=\"\" width=\"300\" height=\"188\" srcset=\"https:\/\/www.baleines-forillon.com\/wp-content\/uploads\/2016\/12\/Photos-baleines-2015-Marc-Debain-185-300x188.jpg 300w, https:\/\/www.baleines-forillon.com\/wp-content\/uploads\/2016\/12\/Photos-baleines-2015-Marc-Debain-185-600x377.jpg 600w, https:\/\/www.baleines-forillon.com\/wp-content\/uploads\/2016\/12\/Photos-baleines-2015-Marc-Debain-185-768x483.jpg 768w, https:\/\/www.baleines-forillon.com\/wp-content\/uploads\/2016\/12\/Photos-baleines-2015-Marc-Debain-185-1024x643.jpg 1024w\" sizes=\"(max-width: 300px) 100vw, 300px\" \/><p id=\"caption-attachment-1231\" class=\"wp-caption-text\">photo par Marc Debain<\/p><\/div>\n<h6><span id=\"cphContent_lblLatinName\">Balaenoptera acutorostrata (nez pointu)<\/span><\/h6>\n<h6><span id=\"cphContent_lblClass\">Baleine \u00e0 fanons (Mystic\u00e8tes)<\/span><\/h6>\n<p>&nbsp;<\/p>\n<h4><label id=\"cphContent_LabelForLength\" class=\"label\" title=\"Longueur\" for=\"cphContent_lblLength\">Longueur :<\/label><\/h4>\n<p><span id=\"cphContent_lblLength\">6 \u00e0 9 m<\/span><\/p>\n<h4><span id=\"cphContent_LabelForWeight\" class=\"label\" title=\"Poids \">Poids : <\/span><\/h4>\n<p><span id=\"cphContent_lblWeight\">6 \u00e0 8 t<\/span><\/p>\n<h4><span id=\"cphContent_LabelForBehaviour\" class=\"label\" title=\"Apparence et comportement \u00e0 la surface \">Apparence et comportement \u00e0 la surface : <\/span><\/h4>\n<p><span id=\"cphContent_lblBehaviour\"><br \/>\nTr\u00e8s fonc\u00e9 avec un dos rond. On verra l\u2019\u00e9vent et la nageoire dorsale en m\u00eame temps lorsqu\u2019il viendra \u00e0 la surface en moyenne toutes les 2 \u00e0 10 minutes. Il peut rester ensuite sous l\u2019eau 20 minutes. Le souffle \u00e0 la surface sera peu visible. Il arrive parfois de voir ce c\u00e9tac\u00e9 en &laquo;breaching&rsquo;, soit s\u2019\u00e9lancer compl\u00e8tement hors de l\u2019eau.<br \/>\n<\/span><\/p>\n<h4><span id=\"cphContent_LabelForFacts\" class=\"label\" title=\"Fait int\u00e9ressant \">Fait int\u00e9ressant : <\/span><\/h4>\n<p><span id=\"cphContent_lblFacts\">C\u2019est le c\u00e9tac\u00e9 le plus observ\u00e9 dans la baie de Gasp\u00e9 et on l\u2019aper\u00e7oit souvent le long des c\u00f4tes. <\/span><\/p>\n<h4><span id=\"cphContent_LabelForFrequency\" class=\"label\">Fr\u00e9quence de cette esp\u00e8ce \u00e0 Forillon :<\/span><\/h4>\n<p><span id=\"cphContent_lblFrequency\">Pr\u00e9sent pr\u00e8s du littoral de juin \u00e0 octobre.<\/span><\/p>\n","protected":false},"excerpt":{"rendered":"<p>Balaenoptera acutorostrata (nez pointu) Baleine \u00e0 fanons (Mystic\u00e8tes) &nbsp; Longueur : 6 \u00e0 9 m Poids : 6 \u00e0 8 t Apparence et comportement \u00e0 la surface : Tr\u00e8s fonc\u00e9 avec un dos rond. On verra l\u2019\u00e9vent et la nageoire dorsale en m\u00eame temps lorsqu\u2019il viendra \u00e0 la surface en moyenne toutes les 2 \u00e0 [&hellip;]<\/p>\n","protected":false},"author":1,"featured_media":0,"parent":151,"menu_order":0,"comment_status":"closed","ping_status":"closed","template":"","meta":{"_acf_changed":false,"_genesis_hide_title":false,"_genesis_hide_breadcrumbs":false,"_genesis_hide_singular_image":false,"_genesis_hide_footer_widgets":false,"_genesis_custom_body_class":"","_genesis_custom_post_class":"","_genesis_layout":"","footnotes":""},"yoast_head":"<!-- This site is optimized with the Yoast SEO plugin v22.5 - https:\/\/yoast.com\/wordpress\/plugins\/seo\/ -->\n<title>Petit Rorqual - Baleines Forillon<\/title>\n<meta name=\"robots\" content=\"index, follow, max-snippet:-1, max-image-preview:large, max-video-preview:-1\" \/>\n<link rel=\"canonical\" href=\"http:\/\/www.dev.baleines-forillon.jolistage.com\/fr\/les-baleines-de-forillon\/petit-rorqual\/\" \/>\n<meta property=\"og:locale\" content=\"fr_CA\" \/>\n<meta property=\"og:type\" content=\"article\" \/>\n<meta property=\"og:title\" content=\"Petit Rorqual - Baleines Forillon\" \/>\n<meta property=\"og:description\" content=\"Balaenoptera acutorostrata (nez pointu) Baleine \u00e0 fanons (Mystic\u00e8tes) &nbsp; Longueur : 6 \u00e0 9 m Poids : 6 \u00e0 8 t Apparence et comportement \u00e0 la surface : Tr\u00e8s fonc\u00e9 avec un dos rond. On verra l\u2019\u00e9vent et la nageoire dorsale en m\u00eame temps lorsqu\u2019il viendra \u00e0 la surface en moyenne toutes les 2 \u00e0 [&hellip;]\" \/>\n<meta property=\"og:url\" content=\"http:\/\/www.dev.baleines-forillon.jolistage.com\/fr\/les-baleines-de-forillon\/petit-rorqual\/\" \/>\n<meta property=\"og:site_name\" content=\"Baleines Forillon\" \/>\n<meta property=\"article:modified_time\" content=\"2016-12-15T20:59:38+00:00\" \/>\n<meta property=\"og:image\" content=\"https:\/\/baleines-forillon.com\/wp-content\/uploads\/2016\/05\/petit-rorqual-Image1-imageID1-300x160.jpg\" \/>\n<meta name=\"twitter:card\" content=\"summary_large_image\" \/>\n<meta name=\"twitter:label1\" content=\"Estimation du temps de lecture\" \/>\n\t<meta name=\"twitter:data1\" content=\"1 minute\" \/>\n<script type=\"application\/ld+json\" class=\"yoast-schema-graph\">{\"@context\":\"https:\/\/schema.org\",\"@graph\":[{\"@type\":\"WebPage\",\"@id\":\"http:\/\/www.dev.baleines-forillon.jolistage.com\/fr\/les-baleines-de-forillon\/petit-rorqual\/\",\"url\":\"http:\/\/www.dev.baleines-forillon.jolistage.com\/fr\/les-baleines-de-forillon\/petit-rorqual\/\",\"name\":\"Petit Rorqual - Baleines Forillon\",\"isPartOf\":{\"@id\":\"https:\/\/baleines-forillon.com\/fr\/#website\"},\"primaryImageOfPage\":{\"@id\":\"http:\/\/www.dev.baleines-forillon.jolistage.com\/fr\/les-baleines-de-forillon\/petit-rorqual\/#primaryimage\"},\"image\":{\"@id\":\"http:\/\/www.dev.baleines-forillon.jolistage.com\/fr\/les-baleines-de-forillon\/petit-rorqual\/#primaryimage\"},\"thumbnailUrl\":\"https:\/\/baleines-forillon.com\/wp-content\/uploads\/2016\/05\/petit-rorqual-Image1-imageID1-300x160.jpg\",\"datePublished\":\"2016-05-21T18:58:56+00:00\",\"dateModified\":\"2016-12-15T20:59:38+00:00\",\"breadcrumb\":{\"@id\":\"http:\/\/www.dev.baleines-forillon.jolistage.com\/fr\/les-baleines-de-forillon\/petit-rorqual\/#breadcrumb\"},\"inLanguage\":\"fr-CA\",\"potentialAction\":[{\"@type\":\"ReadAction\",\"target\":[\"http:\/\/www.dev.baleines-forillon.jolistage.com\/fr\/les-baleines-de-forillon\/petit-rorqual\/\"]}]},{\"@type\":\"ImageObject\",\"inLanguage\":\"fr-CA\",\"@id\":\"http:\/\/www.dev.baleines-forillon.jolistage.com\/fr\/les-baleines-de-forillon\/petit-rorqual\/#primaryimage\",\"url\":\"https:\/\/baleines-forillon.com\/wp-content\/uploads\/2016\/05\/petit-rorqual-Image1-imageID1-300x160.jpg\",\"contentUrl\":\"https:\/\/baleines-forillon.com\/wp-content\/uploads\/2016\/05\/petit-rorqual-Image1-imageID1-300x160.jpg\"},{\"@type\":\"BreadcrumbList\",\"@id\":\"http:\/\/www.dev.baleines-forillon.jolistage.com\/fr\/les-baleines-de-forillon\/petit-rorqual\/#breadcrumb\",\"itemListElement\":[{\"@type\":\"ListItem\",\"position\":1,\"name\":\"Home\",\"item\":\"https:\/\/www.baleines-forillon.com\/fr\/\"},{\"@type\":\"ListItem\",\"position\":2,\"name\":\"Les baleines de Forillon\",\"item\":\"https:\/\/www.baleines-forillon.com\/fr\/les-baleines-de-forillon\/\"},{\"@type\":\"ListItem\",\"position\":3,\"name\":\"Petit Rorqual\"}]},{\"@type\":\"WebSite\",\"@id\":\"https:\/\/baleines-forillon.com\/fr\/#website\",\"url\":\"https:\/\/baleines-forillon.com\/fr\/\",\"name\":\"Baleines Forillon\",\"description\":\"Observation de baleines au parc national Forillon | Whale-watching Cruise in Forillon National Park\",\"potentialAction\":[{\"@type\":\"SearchAction\",\"target\":{\"@type\":\"EntryPoint\",\"urlTemplate\":\"https:\/\/baleines-forillon.com\/fr\/?s={search_term_string}\"},\"query-input\":\"required name=search_term_string\"}],\"inLanguage\":\"fr-CA\"}]}<\/script>\n<!-- \/ Yoast SEO plugin. -->","yoast_head_json":{"title":"Petit Rorqual - Baleines Forillon","robots":{"index":"index","follow":"follow","max-snippet":"max-snippet:-1","max-image-preview":"max-image-preview:large","max-video-preview":"max-video-preview:-1"},"canonical":"http:\/\/www.dev.baleines-forillon.jolistage.com\/fr\/les-baleines-de-forillon\/petit-rorqual\/","og_locale":"fr_CA","og_type":"article","og_title":"Petit Rorqual - Baleines Forillon","og_description":"Balaenoptera acutorostrata (nez pointu) Baleine \u00e0 fanons (Mystic\u00e8tes) &nbsp; Longueur : 6 \u00e0 9 m Poids : 6 \u00e0 8 t Apparence et comportement \u00e0 la surface : Tr\u00e8s fonc\u00e9 avec un dos rond. On verra l\u2019\u00e9vent et la nageoire dorsale en m\u00eame temps lorsqu\u2019il viendra \u00e0 la surface en moyenne toutes les 2 \u00e0 [&hellip;]","og_url":"http:\/\/www.dev.baleines-forillon.jolistage.com\/fr\/les-baleines-de-forillon\/petit-rorqual\/","og_site_name":"Baleines Forillon","article_modified_time":"2016-12-15T20:59:38+00:00","og_image":[{"url":"https:\/\/baleines-forillon.com\/wp-content\/uploads\/2016\/05\/petit-rorqual-Image1-imageID1-300x160.jpg"}],"twitter_card":"summary_large_image","twitter_misc":{"Estimation du temps de lecture":"1 minute"},"schema":{"@context":"https:\/\/schema.org","@graph":[{"@type":"WebPage","@id":"http:\/\/www.dev.baleines-forillon.jolistage.com\/fr\/les-baleines-de-forillon\/petit-rorqual\/","url":"http:\/\/www.dev.baleines-forillon.jolistage.com\/fr\/les-baleines-de-forillon\/petit-rorqual\/","name":"Petit Rorqual - Baleines Forillon","isPartOf":{"@id":"https:\/\/baleines-forillon.com\/fr\/#website"},"primaryImageOfPage":{"@id":"http:\/\/www.dev.baleines-forillon.jolistage.com\/fr\/les-baleines-de-forillon\/petit-rorqual\/#primaryimage"},"image":{"@id":"http:\/\/www.dev.baleines-forillon.jolistage.com\/fr\/les-baleines-de-forillon\/petit-rorqual\/#primaryimage"},"thumbnailUrl":"https:\/\/baleines-forillon.com\/wp-content\/uploads\/2016\/05\/petit-rorqual-Image1-imageID1-300x160.jpg","datePublished":"2016-05-21T18:58:56+00:00","dateModified":"2016-12-15T20:59:38+00:00","breadcrumb":{"@id":"http:\/\/www.dev.baleines-forillon.jolistage.com\/fr\/les-baleines-de-forillon\/petit-rorqual\/#breadcrumb"},"inLanguage":"fr-CA","potentialAction":[{"@type":"ReadAction","target":["http:\/\/www.dev.baleines-forillon.jolistage.com\/fr\/les-baleines-de-forillon\/petit-rorqual\/"]}]},{"@type":"ImageObject","inLanguage":"fr-CA","@id":"http:\/\/www.dev.baleines-forillon.jolistage.com\/fr\/les-baleines-de-forillon\/petit-rorqual\/#primaryimage","url":"https:\/\/baleines-forillon.com\/wp-content\/uploads\/2016\/05\/petit-rorqual-Image1-imageID1-300x160.jpg","contentUrl":"https:\/\/baleines-forillon.com\/wp-content\/uploads\/2016\/05\/petit-rorqual-Image1-imageID1-300x160.jpg"},{"@type":"BreadcrumbList","@id":"http:\/\/www.dev.baleines-forillon.jolistage.com\/fr\/les-baleines-de-forillon\/petit-rorqual\/#breadcrumb","itemListElement":[{"@type":"ListItem","position":1,"name":"Home","item":"https:\/\/www.baleines-forillon.com\/fr\/"},{"@type":"ListItem","position":2,"name":"Les baleines de Forillon","item":"https:\/\/www.baleines-forillon.com\/fr\/les-baleines-de-forillon\/"},{"@type":"ListItem","position":3,"name":"Petit Rorqual"}]},{"@type":"WebSite","@id":"https:\/\/baleines-forillon.com\/fr\/#website","url":"https:\/\/baleines-forillon.com\/fr\/","name":"Baleines Forillon","description":"Observation de baleines au parc national Forillon | Whale-watching Cruise in Forillon National Park","potentialAction":[{"@type":"SearchAction","target":{"@type":"EntryPoint","urlTemplate":"https:\/\/baleines-forillon.com\/fr\/?s={search_term_string}"},"query-input":"required name=search_term_string"}],"inLanguage":"fr-CA"}]}},"acf":[],"_links":{"self":[{"href":"https:\/\/www.baleines-forillon.com\/fr\/wp-json\/wp\/v2\/pages\/296"}],"collection":[{"href":"https:\/\/www.baleines-forillon.com\/fr\/wp-json\/wp\/v2\/pages"}],"about":[{"href":"https:\/\/www.baleines-forillon.com\/fr\/wp-json\/wp\/v2\/types\/page"}],"author":[{"embeddable":true,"href":"https:\/\/www.baleines-forillon.com\/fr\/wp-json\/wp\/v2\/users\/1"}],"replies":[{"embeddable":true,"href":"https:\/\/www.baleines-forillon.com\/fr\/wp-json\/wp\/v2\/comments?post=296"}],"version-history":[{"count":5,"href":"https:\/\/www.baleines-forillon.com\/fr\/wp-json\/wp\/v2\/pages\/296\/revisions"}],"predecessor-version":[{"id":1233,"href":"https:\/\/www.baleines-forillon.com\/fr\/wp-json\/wp\/v2\/pages\/296\/revisions\/1233"}],"up":[{"embeddable":true,"href":"https:\/\/www.baleines-forillon.com\/fr\/wp-json\/wp\/v2\/pages\/151"}],"wp:attachment":[{"href":"https:\/\/www.baleines-forillon.com\/fr\/wp-json\/wp\/v2\/media?parent=296"}],"curies":[{"name":"wp","href":"https:\/\/api.w.org\/{rel}","templated":true}]}}