{"id":382,"date":"2016-05-21T18:42:55","date_gmt":"2016-05-21T22:42:55","guid":{"rendered":"http:\/\/baleine-gaspe-www.jolidev\/fr\/?page_id=382"},"modified":"2026-03-08T19:54:56","modified_gmt":"2026-03-08T23:54:56","slug":"horaire-et-tarifs","status":"publish","type":"page","link":"https:\/\/www.baleines-forillon.com\/fr\/horaire-et-tarifs\/","title":{"rendered":"Horaire et tarifs 2026 Narval III et Rocher Le Vieux"},"content":{"rendered":"<p>&nbsp;<\/p>\n<h2><strong><br \/>\nHeure d&#8217;embarquement &#8211; <span style=\"color: #0074ab;\">Narval III (47 passagers)<br \/>\n<\/span><\/strong><\/h2>\n<p>* signifie que le service d&rsquo;animation sera en fran\u00e7ais et en anglais.<\/p>\n<p>Si pas de * c&rsquo;est que le service est en fran\u00e7ais.<\/p>\n<p><strong>Note\u00a0:<\/strong><\/p>\n<p>Certaines heures d\u2019embarquement pourraient varier durant la saison.<br \/>\nVoir la \u00a0mise \u00e0 jour dans le calendrier de la billetterie.<\/p>\n<p>&nbsp;<\/p>\n<h2>Tarifs\u00a0 (taxes incluses) &#8211; <span style=\"color: #0074ab;\">Narval III<\/span><\/h2>\n<table style=\"height: 338px; width: 68.3004%;\" border=\"0\" width=\"315\">\n<tbody>\n<tr>\n<td style=\"width: 73.5849%;\"><strong>Tarif individuel<\/strong><\/td>\n<td style=\"width: 207.507%;\"><\/td>\n<\/tr>\n<tr>\n<td style=\"width: 73.5849%;\">Adulte<\/td>\n<td style=\"width: 207.507%;\"><strong>97,50$<\/strong><\/td>\n<\/tr>\n<tr>\n<td style=\"width: 73.5849%;\">Enfant (3 \u00e0 15 ans)<\/td>\n<td style=\"width: 207.507%;\"><strong>72,50$<\/strong><\/td>\n<\/tr>\n<tr>\n<td style=\"width: 73.5849%;\">Enfant (0 \u00e0\u00a02 ans)<\/td>\n<td style=\"width: 207.507%;\"><strong>gratuit<\/strong><\/td>\n<\/tr>\n<tr>\n<td style=\"width: 73.5849%;\"><b>\u00a0<\/b><\/td>\n<td style=\"width: 207.507%;\"><\/td>\n<\/tr>\n<tr>\n<td style=\"width: 73.5849%;\"><b>Tarif familial<br \/>\n<\/b><\/td>\n<td style=\"width: 207.507%;\"><\/td>\n<\/tr>\n<tr>\n<td style=\"width: 73.5849%;\">2 adultes + 1 enfant<br \/>\n(3 \u00e0 15 ans)<\/td>\n<td style=\"width: 207.507%;\"><strong>257,50$<\/strong><\/td>\n<\/tr>\n<tr>\n<td style=\"width: 73.5849%;\">Chaque enfant suppl\u00e9mentaire<br \/>\n(3 \u00e0 15 ans)<\/td>\n<td style=\"width: 207.507%;\"><strong>62,50$<\/strong><\/td>\n<\/tr>\n<\/tbody>\n<\/table>\n<p>&nbsp;<\/p>\n<hr \/>\n<h2><strong><br \/>\nHeure d&#8217;embarquement &#8211; <span style=\"color: #0074ab;\">Rocher Le Vieux (12 passagers)<\/span><\/strong><\/h2>\n<p>* signifie que le service d&rsquo;animation sera en fran\u00e7ais et en anglais.<\/p>\n<p>Si pas de * c&rsquo;est que le service est en fran\u00e7ais.<\/p>\n<p><strong>Note\u00a0:<\/strong><\/p>\n<p>Certaines heures d\u2019embarquement pourraient varier durant la saison.<br \/>\nVoir la \u00a0mise \u00e0 jour dans le calendrier de la billetterie.<\/p>\n<h2>Tarifs\u00a0 (taxes incluses) &#8211; <span style=\"color: #0074ab;\">Rocher Le Vieux<\/span><\/h2>\n<table style=\"height: 101px; width: 71.3953%;\" border=\"0\" width=\"315\">\n<tbody>\n<tr style=\"height: 37px;\">\n<td style=\"width: 63.5216%; height: 37px;\"><strong>Tarif individuel<\/strong><\/td>\n<td style=\"width: 228.14%; height: 37px;\"><\/td>\n<\/tr>\n<tr style=\"height: 32px;\">\n<td style=\"width: 63.5216%; height: 32px;\">Adulte (13 ans et +) ou (41 KG et +)<\/td>\n<td style=\"width: 228.14%; height: 32px;\"><strong>97,50$<\/strong><\/td>\n<\/tr>\n<\/tbody>\n<\/table>\n<p><span style=\"color: #ff0000;\"><strong>*Possibilit\u00e9 de noliser le Rocher Le Vieux pour les mois de Juin-Septembre-Octobre.<\/strong><\/span><\/p>\n<p>Nolisement \u00e0 partir de 780$ taxes incluses. (R\u00e9servations t\u00e9l\u00e9phoniques seulement, 418-892-5500)<\/p>\n<p>Pour des raisons de s\u00e9curit\u00e9 , les enfants de 12 ans et moins ou de moins de 41 KG ne sont pas admis \u00e0 bord.<\/p>\n<p>&nbsp;<\/p>\n<p>&nbsp;<\/p>\n<hr \/>\n<p><strong>Location de lunette d\u2019approche<\/strong><\/p>\n<p>10$\/adulte\u00a0 \u00a0 5$\/enfant (taxes incluses)<br \/>\nEn plus de ces frais, les utilisateurs du service de croisi\u00e8re sont tenus de payer les droits d&rsquo;entr\u00e9e au parc national Forillon. Prenez note que du 20 juin au 2 septembre 2026 inclusivement, les droits d&rsquo;entr\u00e9e au Parc National Forillon seront gratuits.<\/p>\n<p><strong><br \/>\nPolitique d&rsquo;annulation<\/strong><\/p>\n<p>Pour toute annulation de r\u00e9servation de moins de 24 heures avant le d\u00e9but de la croisi\u00e8re, le client devra payer la totalit\u00e9 des frais.<\/p>\n<p><img decoding=\"async\" class=\"alignleft size-full wp-image-339\" src=\"https:\/\/baleines-forillon.com\/wp-content\/uploads\/2016\/05\/Credit-Cards.png\" alt=\"Credit Cards\" width=\"199\" height=\"52\" \/><\/p>\n<p>Plus d&rsquo;informations utiles par rapport \u00e0 la croisi\u00e8re ici : <a href=\"https:\/\/www.baleines-forillon.com\/fr\/informations-importantes\/\">Informations Importantes<\/a><\/p>\n","protected":false},"excerpt":{"rendered":"<p>&nbsp; Heure d&#8217;embarquement &#8211; Narval III (47 passagers) * signifie que le service d&rsquo;animation sera en fran\u00e7ais et en anglais. Si pas de * c&rsquo;est que le service est en fran\u00e7ais. Note\u00a0: Certaines heures d\u2019embarquement pourraient varier durant la saison. Voir la \u00a0mise \u00e0 jour dans le calendrier de la billetterie. &nbsp; Tarifs\u00a0 (taxes incluses) [&hellip;]<\/p>\n","protected":false},"author":1,"featured_media":0,"parent":0,"menu_order":0,"comment_status":"closed","ping_status":"closed","template":"","meta":{"_acf_changed":false,"_genesis_hide_title":false,"_genesis_hide_breadcrumbs":false,"_genesis_hide_singular_image":false,"_genesis_hide_footer_widgets":false,"_genesis_custom_body_class":"","_genesis_custom_post_class":"","_genesis_layout":"","footnotes":""},"yoast_head":"<!-- This site is optimized with the Yoast SEO plugin v22.5 - https:\/\/yoast.com\/wordpress\/plugins\/seo\/ -->\n<title>Horaire et tarifs 2026 Narval III et Rocher Le Vieux - Baleines Forillon<\/title>\n<meta name=\"robots\" content=\"index, follow, max-snippet:-1, max-image-preview:large, max-video-preview:-1\" \/>\n<link rel=\"canonical\" href=\"https:\/\/baleines-forillon.com\/fr\/horaire-et-tarifs\/\" \/>\n<meta property=\"og:locale\" content=\"fr_CA\" \/>\n<meta property=\"og:type\" content=\"article\" \/>\n<meta property=\"og:title\" content=\"Horaire et tarifs 2026 Narval III et Rocher Le Vieux - Baleines Forillon\" \/>\n<meta property=\"og:description\" content=\"&nbsp; Heure d&#8217;embarquement &#8211; Narval III (47 passagers) * signifie que le service d&rsquo;animation sera en fran\u00e7ais et en anglais. Si pas de * c&rsquo;est que le service est en fran\u00e7ais. Note\u00a0: Certaines heures d\u2019embarquement pourraient varier durant la saison. Voir la \u00a0mise \u00e0 jour dans le calendrier de la billetterie. &nbsp; Tarifs\u00a0 (taxes incluses) [&hellip;]\" \/>\n<meta property=\"og:url\" content=\"https:\/\/baleines-forillon.com\/fr\/horaire-et-tarifs\/\" \/>\n<meta property=\"og:site_name\" content=\"Baleines Forillon\" \/>\n<meta property=\"article:modified_time\" content=\"2026-03-08T23:54:56+00:00\" \/>\n<meta property=\"og:image\" content=\"https:\/\/baleines-forillon.com\/wp-content\/uploads\/2016\/05\/Credit-Cards.png\" \/>\n<meta name=\"twitter:card\" content=\"summary_large_image\" \/>\n<meta name=\"twitter:label1\" content=\"Estimation du temps de lecture\" \/>\n\t<meta name=\"twitter:data1\" content=\"2 minutes\" \/>\n<script type=\"application\/ld+json\" class=\"yoast-schema-graph\">{\"@context\":\"https:\/\/schema.org\",\"@graph\":[{\"@type\":\"WebPage\",\"@id\":\"https:\/\/baleines-forillon.com\/fr\/horaire-et-tarifs\/\",\"url\":\"https:\/\/baleines-forillon.com\/fr\/horaire-et-tarifs\/\",\"name\":\"Horaire et tarifs 2026 Narval III et Rocher Le Vieux - Baleines Forillon\",\"isPartOf\":{\"@id\":\"https:\/\/baleines-forillon.com\/fr\/#website\"},\"primaryImageOfPage\":{\"@id\":\"https:\/\/baleines-forillon.com\/fr\/horaire-et-tarifs\/#primaryimage\"},\"image\":{\"@id\":\"https:\/\/baleines-forillon.com\/fr\/horaire-et-tarifs\/#primaryimage\"},\"thumbnailUrl\":\"https:\/\/baleines-forillon.com\/wp-content\/uploads\/2016\/05\/Credit-Cards.png\",\"datePublished\":\"2016-05-21T22:42:55+00:00\",\"dateModified\":\"2026-03-08T23:54:56+00:00\",\"breadcrumb\":{\"@id\":\"https:\/\/baleines-forillon.com\/fr\/horaire-et-tarifs\/#breadcrumb\"},\"inLanguage\":\"fr-CA\",\"potentialAction\":[{\"@type\":\"ReadAction\",\"target\":[\"https:\/\/baleines-forillon.com\/fr\/horaire-et-tarifs\/\"]}]},{\"@type\":\"ImageObject\",\"inLanguage\":\"fr-CA\",\"@id\":\"https:\/\/baleines-forillon.com\/fr\/horaire-et-tarifs\/#primaryimage\",\"url\":\"https:\/\/baleines-forillon.com\/wp-content\/uploads\/2016\/05\/Credit-Cards.png\",\"contentUrl\":\"https:\/\/baleines-forillon.com\/wp-content\/uploads\/2016\/05\/Credit-Cards.png\"},{\"@type\":\"BreadcrumbList\",\"@id\":\"https:\/\/baleines-forillon.com\/fr\/horaire-et-tarifs\/#breadcrumb\",\"itemListElement\":[{\"@type\":\"ListItem\",\"position\":1,\"name\":\"Home\",\"item\":\"https:\/\/www.baleines-forillon.com\/fr\/\"},{\"@type\":\"ListItem\",\"position\":2,\"name\":\"Horaire et tarifs 2026 Narval III et Rocher Le Vieux\"}]},{\"@type\":\"WebSite\",\"@id\":\"https:\/\/baleines-forillon.com\/fr\/#website\",\"url\":\"https:\/\/baleines-forillon.com\/fr\/\",\"name\":\"Baleines Forillon\",\"description\":\"Observation de baleines au parc national Forillon | Whale-watching Cruise in Forillon National Park\",\"potentialAction\":[{\"@type\":\"SearchAction\",\"target\":{\"@type\":\"EntryPoint\",\"urlTemplate\":\"https:\/\/baleines-forillon.com\/fr\/?s={search_term_string}\"},\"query-input\":\"required name=search_term_string\"}],\"inLanguage\":\"fr-CA\"}]}<\/script>\n<!-- \/ Yoast SEO plugin. -->","yoast_head_json":{"title":"Horaire et tarifs 2026 Narval III et Rocher Le Vieux - Baleines Forillon","robots":{"index":"index","follow":"follow","max-snippet":"max-snippet:-1","max-image-preview":"max-image-preview:large","max-video-preview":"max-video-preview:-1"},"canonical":"https:\/\/baleines-forillon.com\/fr\/horaire-et-tarifs\/","og_locale":"fr_CA","og_type":"article","og_title":"Horaire et tarifs 2026 Narval III et Rocher Le Vieux - Baleines Forillon","og_description":"&nbsp; Heure d&#8217;embarquement &#8211; Narval III (47 passagers) * signifie que le service d&rsquo;animation sera en fran\u00e7ais et en anglais. Si pas de * c&rsquo;est que le service est en fran\u00e7ais. Note\u00a0: Certaines heures d\u2019embarquement pourraient varier durant la saison. Voir la \u00a0mise \u00e0 jour dans le calendrier de la billetterie. &nbsp; Tarifs\u00a0 (taxes incluses) [&hellip;]","og_url":"https:\/\/baleines-forillon.com\/fr\/horaire-et-tarifs\/","og_site_name":"Baleines Forillon","article_modified_time":"2026-03-08T23:54:56+00:00","og_image":[{"url":"https:\/\/baleines-forillon.com\/wp-content\/uploads\/2016\/05\/Credit-Cards.png"}],"twitter_card":"summary_large_image","twitter_misc":{"Estimation du temps de lecture":"2 minutes"},"schema":{"@context":"https:\/\/schema.org","@graph":[{"@type":"WebPage","@id":"https:\/\/baleines-forillon.com\/fr\/horaire-et-tarifs\/","url":"https:\/\/baleines-forillon.com\/fr\/horaire-et-tarifs\/","name":"Horaire et tarifs 2026 Narval III et Rocher Le Vieux - Baleines Forillon","isPartOf":{"@id":"https:\/\/baleines-forillon.com\/fr\/#website"},"primaryImageOfPage":{"@id":"https:\/\/baleines-forillon.com\/fr\/horaire-et-tarifs\/#primaryimage"},"image":{"@id":"https:\/\/baleines-forillon.com\/fr\/horaire-et-tarifs\/#primaryimage"},"thumbnailUrl":"https:\/\/baleines-forillon.com\/wp-content\/uploads\/2016\/05\/Credit-Cards.png","datePublished":"2016-05-21T22:42:55+00:00","dateModified":"2026-03-08T23:54:56+00:00","breadcrumb":{"@id":"https:\/\/baleines-forillon.com\/fr\/horaire-et-tarifs\/#breadcrumb"},"inLanguage":"fr-CA","potentialAction":[{"@type":"ReadAction","target":["https:\/\/baleines-forillon.com\/fr\/horaire-et-tarifs\/"]}]},{"@type":"ImageObject","inLanguage":"fr-CA","@id":"https:\/\/baleines-forillon.com\/fr\/horaire-et-tarifs\/#primaryimage","url":"https:\/\/baleines-forillon.com\/wp-content\/uploads\/2016\/05\/Credit-Cards.png","contentUrl":"https:\/\/baleines-forillon.com\/wp-content\/uploads\/2016\/05\/Credit-Cards.png"},{"@type":"BreadcrumbList","@id":"https:\/\/baleines-forillon.com\/fr\/horaire-et-tarifs\/#breadcrumb","itemListElement":[{"@type":"ListItem","position":1,"name":"Home","item":"https:\/\/www.baleines-forillon.com\/fr\/"},{"@type":"ListItem","position":2,"name":"Horaire et tarifs 2026 Narval III et Rocher Le Vieux"}]},{"@type":"WebSite","@id":"https:\/\/baleines-forillon.com\/fr\/#website","url":"https:\/\/baleines-forillon.com\/fr\/","name":"Baleines Forillon","description":"Observation de baleines au parc national Forillon | Whale-watching Cruise in Forillon National Park","potentialAction":[{"@type":"SearchAction","target":{"@type":"EntryPoint","urlTemplate":"https:\/\/baleines-forillon.com\/fr\/?s={search_term_string}"},"query-input":"required name=search_term_string"}],"inLanguage":"fr-CA"}]}},"acf":[],"_links":{"self":[{"href":"https:\/\/www.baleines-forillon.com\/fr\/wp-json\/wp\/v2\/pages\/382"}],"collection":[{"href":"https:\/\/www.baleines-forillon.com\/fr\/wp-json\/wp\/v2\/pages"}],"about":[{"href":"https:\/\/www.baleines-forillon.com\/fr\/wp-json\/wp\/v2\/types\/page"}],"author":[{"embeddable":true,"href":"https:\/\/www.baleines-forillon.com\/fr\/wp-json\/wp\/v2\/users\/1"}],"replies":[{"embeddable":true,"href":"https:\/\/www.baleines-forillon.com\/fr\/wp-json\/wp\/v2\/comments?post=382"}],"version-history":[{"count":73,"href":"https:\/\/www.baleines-forillon.com\/fr\/wp-json\/wp\/v2\/pages\/382\/revisions"}],"predecessor-version":[{"id":34017,"href":"https:\/\/www.baleines-forillon.com\/fr\/wp-json\/wp\/v2\/pages\/382\/revisions\/34017"}],"wp:attachment":[{"href":"https:\/\/www.baleines-forillon.com\/fr\/wp-json\/wp\/v2\/media?parent=382"}],"curies":[{"name":"wp","href":"https:\/\/api.w.org\/{rel}","templated":true}]}}