{"id":394,"date":"2016-05-21T20:06:05","date_gmt":"2016-05-22T00:06:05","guid":{"rendered":"http:\/\/baleine-gaspe-www.jolidev\/fr\/?page_id=394"},"modified":"2021-04-06T11:13:08","modified_gmt":"2021-04-06T15:13:08","slug":"notre-point-de-depart","status":"publish","type":"page","link":"https:\/\/www.baleines-forillon.com\/fr\/notre-point-de-depart\/","title":{"rendered":"Notre point de d\u00e9part"},"content":{"rendered":"<p>&nbsp;<\/p>\n<p><iframe style=\"border: 0px currentColor;\" src=\"https:\/\/www.google.com\/maps\/embed?pb=!1m14!1m8!1m3!1d2628.423467593179!2d-64.225416!3d48.792896!3m2!1i1024!2i768!4f13.1!3m3!1m2!1s0x4c9b93b714c5eb4f%3A0xb576047f2bcb5d2f!2sCroisi%C3%A8res+Baie+de+Gasp%C3%A9!5e0!3m2!1sen!2sca!4v1429988393131\" width=\"800\" height=\"550\" frameborder=\"0\"><br \/>\n<\/iframe><\/p>\n<p><img decoding=\"async\" class=\"alignleft wp-image-422 size-full\" title=\"Quai de Grande-Grave\" src=\"https:\/\/www.baleines-forillon.com\/wp-content\/uploads\/2016\/05\/quai-1.jpg\" alt=\"quai\" width=\"250\" height=\"171\" \/><\/p>\n<p>&nbsp;<\/p>\n<p>&nbsp;<\/p>\n<p>&nbsp;<\/p>\n<p>&nbsp;<\/p>\n<p>Nos croisi\u00e8res d\u00e9butent \u00e0 Grande-Grave (2448 A boulevard de Grande-Gr\u00e8ve, G4X 6L7), \u00e0 environ 7 km de l&rsquo;entr\u00e9e du secteur sud de Forillon. Si vous arrivez de Gasp\u00e9, suivez la route 132 ouest jusqu&rsquo;au village de Cap-aux-Os o\u00f9 vous trouverez l&rsquo;acc\u00e8s au secteur sud du parc \u00e0 la fin du village.<\/p>\n<p><img fetchpriority=\"high\" decoding=\"async\" class=\"wp-image-641 size-medium alignleft\" title=\"Magasin Hyman\" src=\"https:\/\/www.baleines-forillon.com\/wp-content\/uploads\/2016\/05\/7-054-300x230.jpg\" alt=\"7 054\" width=\"300\" height=\"230\" srcset=\"https:\/\/www.baleines-forillon.com\/wp-content\/uploads\/2016\/05\/7-054-300x230.jpg 300w, https:\/\/www.baleines-forillon.com\/wp-content\/uploads\/2016\/05\/7-054-600x459.jpg 600w, https:\/\/www.baleines-forillon.com\/wp-content\/uploads\/2016\/05\/7-054-768x588.jpg 768w, https:\/\/www.baleines-forillon.com\/wp-content\/uploads\/2016\/05\/7-054-1024x784.jpg 1024w, https:\/\/www.baleines-forillon.com\/wp-content\/uploads\/2016\/05\/7-054-1200x919.jpg 1200w, https:\/\/www.baleines-forillon.com\/wp-content\/uploads\/2016\/05\/7-054.jpg 1506w\" sizes=\"(max-width: 300px) 100vw, 300px\" \/><\/p>\n<p>&nbsp;<\/p>\n<p>&nbsp;<\/p>\n<p>&nbsp;<\/p>\n<p>&nbsp;<\/p>\n<p>&nbsp;<\/p>\n<p>Si vous arrivez de Cap-des-Rosiers (secteur nord), prenez la route 132 est en direction de Cap-aux-Os et tournez \u00e0 gauche vers le secteur sud \u00e0 l&rsquo;entr\u00e9e du village. Poursuivez ensuite votre route jusqu&rsquo;au secteur de Grande-Grave et lorsque vous apercevrez le magasin Hyman (magasin g\u00e9n\u00e9ral d&rsquo;\u00e9poque), tournez \u00e0 droite vers le quai o\u00f9 vous verrez notre billetterie.<\/p>\n<p>&nbsp;<\/p>\n<p><img decoding=\"async\" class=\"alignleft wp-image-7048\" title=\"Boutique souvenirs et billetterie\" src=\"https:\/\/www.baleines-forillon.com\/wp-content\/uploads\/2021\/01\/IMG_1053-225x300.jpg\" alt=\"\" width=\"285\" height=\"380\" srcset=\"https:\/\/www.baleines-forillon.com\/wp-content\/uploads\/2021\/01\/IMG_1053-225x300.jpg 225w, https:\/\/www.baleines-forillon.com\/wp-content\/uploads\/2021\/01\/IMG_1053-768x1024.jpg 768w, https:\/\/www.baleines-forillon.com\/wp-content\/uploads\/2021\/01\/IMG_1053-1152x1536.jpg 1152w, https:\/\/www.baleines-forillon.com\/wp-content\/uploads\/2021\/01\/IMG_1053-600x800.jpg 600w, https:\/\/www.baleines-forillon.com\/wp-content\/uploads\/2021\/01\/IMG_1053.jpg 1512w\" sizes=\"(max-width: 285px) 100vw, 285px\" \/><\/p>\n","protected":false},"excerpt":{"rendered":"<p>&nbsp; &nbsp; &nbsp; &nbsp; &nbsp; Nos croisi\u00e8res d\u00e9butent \u00e0 Grande-Grave (2448 A boulevard de Grande-Gr\u00e8ve, G4X 6L7), \u00e0 environ 7 km de l&rsquo;entr\u00e9e du secteur sud de Forillon. Si vous arrivez de Gasp\u00e9, suivez la route 132 ouest jusqu&rsquo;au village de Cap-aux-Os o\u00f9 vous trouverez l&rsquo;acc\u00e8s au secteur sud du parc \u00e0 la fin du [&hellip;]<\/p>\n","protected":false},"author":1,"featured_media":0,"parent":0,"menu_order":0,"comment_status":"closed","ping_status":"closed","template":"","meta":{"_acf_changed":false,"_genesis_hide_title":false,"_genesis_hide_breadcrumbs":false,"_genesis_hide_singular_image":false,"_genesis_hide_footer_widgets":false,"_genesis_custom_body_class":"","_genesis_custom_post_class":"","_genesis_layout":"","footnotes":""},"class_list":{"0":"post-394","1":"page","2":"type-page","3":"status-publish","5":"entry","6":"has-post-thumbnail","7":"override"},"yoast_head":"<!-- This site is optimized with the Yoast SEO plugin v27.5 - https:\/\/yoast.com\/product\/yoast-seo-wordpress\/ -->\n<title>Notre point de d\u00e9part - Baleines Forillon<\/title>\n<meta name=\"robots\" content=\"index, follow, max-snippet:-1, max-image-preview:large, max-video-preview:-1\" \/>\n<link rel=\"canonical\" href=\"https:\/\/www.baleines-forillon.com\/fr\/notre-point-de-depart\/\" \/>\n<meta property=\"og:locale\" content=\"fr_CA\" \/>\n<meta property=\"og:type\" content=\"article\" \/>\n<meta property=\"og:title\" content=\"Notre point de d\u00e9part - Baleines Forillon\" \/>\n<meta property=\"og:description\" content=\"&nbsp; &nbsp; &nbsp; &nbsp; &nbsp; Nos croisi\u00e8res d\u00e9butent \u00e0 Grande-Grave (2448 A boulevard de Grande-Gr\u00e8ve, G4X 6L7), \u00e0 environ 7 km de l&rsquo;entr\u00e9e du secteur sud de Forillon. Si vous arrivez de Gasp\u00e9, suivez la route 132 ouest jusqu&rsquo;au village de Cap-aux-Os o\u00f9 vous trouverez l&rsquo;acc\u00e8s au secteur sud du parc \u00e0 la fin du [&hellip;]\" \/>\n<meta property=\"og:url\" content=\"https:\/\/www.baleines-forillon.com\/fr\/notre-point-de-depart\/\" \/>\n<meta property=\"og:site_name\" content=\"Baleines Forillon\" \/>\n<meta property=\"article:modified_time\" content=\"2021-04-06T15:13:08+00:00\" \/>\n<meta property=\"og:image\" content=\"https:\/\/www.baleines-forillon.com\/wp-content\/uploads\/2016\/05\/quai-1.jpg\" \/>\n<meta name=\"twitter:card\" content=\"summary_large_image\" \/>\n<meta name=\"twitter:label1\" content=\"Estimation du temps de lecture\" \/>\n\t<meta name=\"twitter:data1\" content=\"1 minute\" \/>\n<script type=\"application\/ld+json\" class=\"yoast-schema-graph\">{\"@context\":\"https:\\\/\\\/schema.org\",\"@graph\":[{\"@type\":\"WebPage\",\"@id\":\"https:\\\/\\\/www.baleines-forillon.com\\\/fr\\\/notre-point-de-depart\\\/\",\"url\":\"https:\\\/\\\/www.baleines-forillon.com\\\/fr\\\/notre-point-de-depart\\\/\",\"name\":\"Notre point de d\u00e9part - Baleines Forillon\",\"isPartOf\":{\"@id\":\"https:\\\/\\\/baleines-forillon.com\\\/fr\\\/#website\"},\"primaryImageOfPage\":{\"@id\":\"https:\\\/\\\/www.baleines-forillon.com\\\/fr\\\/notre-point-de-depart\\\/#primaryimage\"},\"image\":{\"@id\":\"https:\\\/\\\/www.baleines-forillon.com\\\/fr\\\/notre-point-de-depart\\\/#primaryimage\"},\"thumbnailUrl\":\"https:\\\/\\\/www.baleines-forillon.com\\\/wp-content\\\/uploads\\\/2016\\\/05\\\/quai-1.jpg\",\"datePublished\":\"2016-05-22T00:06:05+00:00\",\"dateModified\":\"2021-04-06T15:13:08+00:00\",\"breadcrumb\":{\"@id\":\"https:\\\/\\\/www.baleines-forillon.com\\\/fr\\\/notre-point-de-depart\\\/#breadcrumb\"},\"inLanguage\":\"fr-CA\",\"potentialAction\":[{\"@type\":\"ReadAction\",\"target\":[\"https:\\\/\\\/www.baleines-forillon.com\\\/fr\\\/notre-point-de-depart\\\/\"]}]},{\"@type\":\"ImageObject\",\"inLanguage\":\"fr-CA\",\"@id\":\"https:\\\/\\\/www.baleines-forillon.com\\\/fr\\\/notre-point-de-depart\\\/#primaryimage\",\"url\":\"https:\\\/\\\/www.baleines-forillon.com\\\/wp-content\\\/uploads\\\/2016\\\/05\\\/quai-1.jpg\",\"contentUrl\":\"https:\\\/\\\/www.baleines-forillon.com\\\/wp-content\\\/uploads\\\/2016\\\/05\\\/quai-1.jpg\"},{\"@type\":\"BreadcrumbList\",\"@id\":\"https:\\\/\\\/www.baleines-forillon.com\\\/fr\\\/notre-point-de-depart\\\/#breadcrumb\",\"itemListElement\":[{\"@type\":\"ListItem\",\"position\":1,\"name\":\"Home\",\"item\":\"https:\\\/\\\/baleines-forillon.com\\\/fr\\\/\"},{\"@type\":\"ListItem\",\"position\":2,\"name\":\"Notre point de d\u00e9part\"}]},{\"@type\":\"WebSite\",\"@id\":\"https:\\\/\\\/baleines-forillon.com\\\/fr\\\/#website\",\"url\":\"https:\\\/\\\/baleines-forillon.com\\\/fr\\\/\",\"name\":\"Baleines Forillon\",\"description\":\"Observation de baleines au parc national Forillon | Whale-watching Cruise in Forillon National Park\",\"potentialAction\":[{\"@type\":\"SearchAction\",\"target\":{\"@type\":\"EntryPoint\",\"urlTemplate\":\"https:\\\/\\\/baleines-forillon.com\\\/fr\\\/?s={search_term_string}\"},\"query-input\":{\"@type\":\"PropertyValueSpecification\",\"valueRequired\":true,\"valueName\":\"search_term_string\"}}],\"inLanguage\":\"fr-CA\"}]}<\/script>\n<!-- \/ Yoast SEO plugin. -->","yoast_head_json":{"title":"Notre point de d\u00e9part - Baleines Forillon","robots":{"index":"index","follow":"follow","max-snippet":"max-snippet:-1","max-image-preview":"max-image-preview:large","max-video-preview":"max-video-preview:-1"},"canonical":"https:\/\/www.baleines-forillon.com\/fr\/notre-point-de-depart\/","og_locale":"fr_CA","og_type":"article","og_title":"Notre point de d\u00e9part - Baleines Forillon","og_description":"&nbsp; &nbsp; &nbsp; &nbsp; &nbsp; Nos croisi\u00e8res d\u00e9butent \u00e0 Grande-Grave (2448 A boulevard de Grande-Gr\u00e8ve, G4X 6L7), \u00e0 environ 7 km de l&rsquo;entr\u00e9e du secteur sud de Forillon. Si vous arrivez de Gasp\u00e9, suivez la route 132 ouest jusqu&rsquo;au village de Cap-aux-Os o\u00f9 vous trouverez l&rsquo;acc\u00e8s au secteur sud du parc \u00e0 la fin du [&hellip;]","og_url":"https:\/\/www.baleines-forillon.com\/fr\/notre-point-de-depart\/","og_site_name":"Baleines Forillon","article_modified_time":"2021-04-06T15:13:08+00:00","og_image":[{"url":"https:\/\/www.baleines-forillon.com\/wp-content\/uploads\/2016\/05\/quai-1.jpg","type":"","width":"","height":""}],"twitter_card":"summary_large_image","twitter_misc":{"Estimation du temps de lecture":"1 minute"},"schema":{"@context":"https:\/\/schema.org","@graph":[{"@type":"WebPage","@id":"https:\/\/www.baleines-forillon.com\/fr\/notre-point-de-depart\/","url":"https:\/\/www.baleines-forillon.com\/fr\/notre-point-de-depart\/","name":"Notre point de d\u00e9part - Baleines Forillon","isPartOf":{"@id":"https:\/\/baleines-forillon.com\/fr\/#website"},"primaryImageOfPage":{"@id":"https:\/\/www.baleines-forillon.com\/fr\/notre-point-de-depart\/#primaryimage"},"image":{"@id":"https:\/\/www.baleines-forillon.com\/fr\/notre-point-de-depart\/#primaryimage"},"thumbnailUrl":"https:\/\/www.baleines-forillon.com\/wp-content\/uploads\/2016\/05\/quai-1.jpg","datePublished":"2016-05-22T00:06:05+00:00","dateModified":"2021-04-06T15:13:08+00:00","breadcrumb":{"@id":"https:\/\/www.baleines-forillon.com\/fr\/notre-point-de-depart\/#breadcrumb"},"inLanguage":"fr-CA","potentialAction":[{"@type":"ReadAction","target":["https:\/\/www.baleines-forillon.com\/fr\/notre-point-de-depart\/"]}]},{"@type":"ImageObject","inLanguage":"fr-CA","@id":"https:\/\/www.baleines-forillon.com\/fr\/notre-point-de-depart\/#primaryimage","url":"https:\/\/www.baleines-forillon.com\/wp-content\/uploads\/2016\/05\/quai-1.jpg","contentUrl":"https:\/\/www.baleines-forillon.com\/wp-content\/uploads\/2016\/05\/quai-1.jpg"},{"@type":"BreadcrumbList","@id":"https:\/\/www.baleines-forillon.com\/fr\/notre-point-de-depart\/#breadcrumb","itemListElement":[{"@type":"ListItem","position":1,"name":"Home","item":"https:\/\/baleines-forillon.com\/fr\/"},{"@type":"ListItem","position":2,"name":"Notre point de d\u00e9part"}]},{"@type":"WebSite","@id":"https:\/\/baleines-forillon.com\/fr\/#website","url":"https:\/\/baleines-forillon.com\/fr\/","name":"Baleines Forillon","description":"Observation de baleines au parc national Forillon | Whale-watching Cruise in Forillon National Park","potentialAction":[{"@type":"SearchAction","target":{"@type":"EntryPoint","urlTemplate":"https:\/\/baleines-forillon.com\/fr\/?s={search_term_string}"},"query-input":{"@type":"PropertyValueSpecification","valueRequired":true,"valueName":"search_term_string"}}],"inLanguage":"fr-CA"}]}},"acf":[],"_links":{"self":[{"href":"https:\/\/www.baleines-forillon.com\/fr\/wp-json\/wp\/v2\/pages\/394","targetHints":{"allow":["GET"]}}],"collection":[{"href":"https:\/\/www.baleines-forillon.com\/fr\/wp-json\/wp\/v2\/pages"}],"about":[{"href":"https:\/\/www.baleines-forillon.com\/fr\/wp-json\/wp\/v2\/types\/page"}],"author":[{"embeddable":true,"href":"https:\/\/www.baleines-forillon.com\/fr\/wp-json\/wp\/v2\/users\/1"}],"replies":[{"embeddable":true,"href":"https:\/\/www.baleines-forillon.com\/fr\/wp-json\/wp\/v2\/comments?post=394"}],"version-history":[{"count":17,"href":"https:\/\/www.baleines-forillon.com\/fr\/wp-json\/wp\/v2\/pages\/394\/revisions"}],"predecessor-version":[{"id":7176,"href":"https:\/\/www.baleines-forillon.com\/fr\/wp-json\/wp\/v2\/pages\/394\/revisions\/7176"}],"wp:attachment":[{"href":"https:\/\/www.baleines-forillon.com\/fr\/wp-json\/wp\/v2\/media?parent=394"}],"curies":[{"name":"wp","href":"https:\/\/api.w.org\/{rel}","templated":true}]}}