{"id":628,"date":"2016-06-04T23:26:24","date_gmt":"2016-06-05T03:26:24","guid":{"rendered":"https:\/\/baleine-gaspe-www.jolidev\/fr\/?page_id=628"},"modified":"2024-02-14T18:37:32","modified_gmt":"2024-02-14T23:37:32","slug":"accreditations-et-partenaires","status":"publish","type":"page","link":"https:\/\/www.baleines-forillon.com\/fr\/accreditations-et-partenaires\/","title":{"rendered":"Accr\u00e9ditations et partenaires"},"content":{"rendered":"<h2>Le ROMM (R\u00e9seau d&rsquo;observation des mammif\u00e8res marins)<\/h2>\r\n<p><a href=\"https:\/\/baleines-forillon.com\/wp-content\/uploads\/2016\/06\/index2.jpe\"><img loading=\"lazy\" decoding=\"async\" class=\"size-full wp-image-700 alignright\" src=\"https:\/\/baleines-forillon.com\/wp-content\/uploads\/2016\/06\/index2.jpe\" alt=\"index2\" width=\"118\" height=\"160\" \/><\/a>Les Croisi\u00e8res Baie de Gasp\u00e9 est membre observateur du ROMM depuis de nombreuses ann\u00e9es et participe ainsi directement \u00e0 la collecte de donn\u00e9es sur la fr\u00e9quentation des mammif\u00e8res marins dans le Saint-Laurent. Les donn\u00e9es collect\u00e9es sont diffus\u00e9es gratuitement sur le site Internet de l\u2019Observatoire global du Saint-Laurent au www.ogsl.ca. De plus, depuis maintenant plus de dix ans, l\u2019entreprise collabore \u00e0 un projet d\u2019acquisition de connaissance sur les habitudes de fr\u00e9quentation des c\u00e9tac\u00e9s dans le secteur de la p\u00e9ninsule gasp\u00e9sienne et sur la mani\u00e8re dont l\u2019industrie de l\u2019observation en mer interagit avec eux en acceptant \u00e0 bord du Narval III les techniciens du ROMM \u00e9t\u00e9 apr\u00e8s \u00e9t\u00e9 pour leur collecte de donn\u00e9es.<\/p>\r\n<p>&nbsp;<\/p>\r\n<h2>Baleines en direct<\/h2>\r\n<p><img loading=\"lazy\" decoding=\"async\" class=\"size-medium wp-image-1164 alignright\" src=\"https:\/\/baleines-forillon.com\/wp-content\/uploads\/2016\/06\/Baleines-en-Direct-H-RGB-300x88.jpg\" alt=\"baleines-en-direct-h-rgb\" width=\"300\" height=\"88\" \/><\/p>\r\n<p>Les Croisi\u00e8res Baie de Gasp\u00e9 collabore avec l\u2019\u00e9quipe de Baleines en direct chaque saison depuis plus de 10 ans et ce, sur une base hebdomadaire, en relayant leurs observations de la semaine des mammif\u00e8res marins vus en mer ou \u00e0 partir du rivage.<\/p>\r\n<p>Par leurs r\u00e9cits empreints de passion,d\u2019enthousiasme et de rigueur, l\u2019\u00e9quipe des Croisi\u00e8res Baie de Gasp\u00e9 inspire chaque semaine une portion du bulletin des Nouvelles du large, diffus\u00e9 sur le site de <a href=\"http:\/\/www.baleinesendirect.org\" target=\"_blank\" rel=\"noopener noreferrer\">baleinesendirect.org<\/a> et envoy\u00e9 \u00e0 plus de 4000 abonn\u00e9s. Les donn\u00e9es transmises sont aussi relay\u00e9es sur la carte des observations de la semaine. La collaboration avec les Croisi\u00e8res Baie de Gasp\u00e9 est une richesse pour le site Baleines en direct, d\u00e9di\u00e9 \u00e0 l\u2019\u00e9ducation et la sensibilisation du public sur le Saint-Laurent et ses richesses.<\/p>\r\n<p>&nbsp;<\/p>\r\n<h2>Aventure \u00c9cotourisme Qu\u00e9bec<\/h2>\r\n<p><img loading=\"lazy\" decoding=\"async\" class=\"wp-image-1160 size-thumbnail alignnone\" src=\"https:\/\/baleines-forillon.com\/wp-content\/uploads\/2016\/11\/logo_accredite_aeq-nfr-150x150.png\" alt=\"logo_accredite_aeq-nfr\" width=\"150\" height=\"150\" srcset=\"https:\/\/www.baleines-forillon.com\/wp-content\/uploads\/2016\/11\/logo_accredite_aeq-nfr-150x150.png 150w, https:\/\/www.baleines-forillon.com\/wp-content\/uploads\/2016\/11\/logo_accredite_aeq-nfr-100x100.png 100w, https:\/\/www.baleines-forillon.com\/wp-content\/uploads\/2016\/11\/logo_accredite_aeq-nfr.png 200w\" sizes=\"(max-width: 150px) 100vw, 150px\" \/>\u00a0 \u00a0 \u00a0<img loading=\"lazy\" decoding=\"async\" class=\"wp-image-1964 size-thumbnail alignnone\" src=\"https:\/\/baleines-forillon.com\/wp-content\/uploads\/2020\/06\/AEQ_P_LogoAccrediteecotourisme_CMYK-150x150.jpg\" alt=\"\" width=\"150\" height=\"150\" srcset=\"https:\/\/www.baleines-forillon.com\/wp-content\/uploads\/2020\/06\/AEQ_P_LogoAccrediteecotourisme_CMYK-150x150.jpg 150w, https:\/\/www.baleines-forillon.com\/wp-content\/uploads\/2020\/06\/AEQ_P_LogoAccrediteecotourisme_CMYK-300x300.jpg 300w, https:\/\/www.baleines-forillon.com\/wp-content\/uploads\/2020\/06\/AEQ_P_LogoAccrediteecotourisme_CMYK-100x100.jpg 100w, https:\/\/www.baleines-forillon.com\/wp-content\/uploads\/2020\/06\/AEQ_P_LogoAccrediteecotourisme_CMYK.jpg 360w\" sizes=\"(max-width: 150px) 100vw, 150px\" \/><\/p>\r\n<p>Un r\u00e9seau de professionnels engag\u00e9s \u00e0 vous livrer des activit\u00e9s et services qui respectent plus de 60 normes de qualit\u00e9 et de s\u00e9curit\u00e9. Pour en savoir plus: <a href=\"http:\/\/www.aventurequebec.ca\/fr\/accreditations\" target=\"_blank\" rel=\"noopener noreferrer\">http:\/\/www.aventurequebec.ca\/fr\/accreditations<\/a><\/p>\r\n\r\n<p>&nbsp;<\/p>\r\n<h2>P\u00eaches et Oc\u00e9ans Canada \/ Gouvernement du Canada<\/h2>\r\n<p><em>Croisi\u00e8res Baie de Gasp\u00e9 a particip\u00e9, en 2023, \u00e0 la collecte de donn\u00e9es d\u2019observation en mer pour le suivi de la zone de protection marine du Banc-des-Am\u00e9ricains.<\/em><\/p>\r\n","protected":false},"excerpt":{"rendered":"<p>Le ROMM (R\u00e9seau d&rsquo;observation des mammif\u00e8res marins) Les Croisi\u00e8res Baie de Gasp\u00e9 est membre observateur du ROMM depuis de nombreuses ann\u00e9es et participe ainsi directement \u00e0 la collecte de donn\u00e9es sur la fr\u00e9quentation des mammif\u00e8res marins dans le Saint-Laurent. Les donn\u00e9es collect\u00e9es sont diffus\u00e9es gratuitement sur le site Internet de l\u2019Observatoire global du Saint-Laurent au [&hellip;]<\/p>\n","protected":false},"author":1,"featured_media":0,"parent":0,"menu_order":0,"comment_status":"closed","ping_status":"closed","template":"","meta":{"_acf_changed":false,"_genesis_hide_title":false,"_genesis_hide_breadcrumbs":false,"_genesis_hide_singular_image":false,"_genesis_hide_footer_widgets":false,"_genesis_custom_body_class":"","_genesis_custom_post_class":"","_genesis_layout":"","footnotes":""},"yoast_head":"<!-- This site is optimized with the Yoast SEO plugin v22.5 - https:\/\/yoast.com\/wordpress\/plugins\/seo\/ -->\n<title>Accr\u00e9ditations et partenaires - Baleines Forillon<\/title>\n<meta name=\"robots\" content=\"index, follow, max-snippet:-1, max-image-preview:large, max-video-preview:-1\" \/>\n<link rel=\"canonical\" href=\"https:\/\/www.baleines-forillon.com\/fr\/accreditations-et-partenaires\/\" \/>\n<meta property=\"og:locale\" content=\"fr_CA\" \/>\n<meta property=\"og:type\" content=\"article\" \/>\n<meta property=\"og:title\" content=\"Accr\u00e9ditations et partenaires - Baleines Forillon\" \/>\n<meta property=\"og:description\" content=\"Le ROMM (R\u00e9seau d&rsquo;observation des mammif\u00e8res marins) Les Croisi\u00e8res Baie de Gasp\u00e9 est membre observateur du ROMM depuis de nombreuses ann\u00e9es et participe ainsi directement \u00e0 la collecte de donn\u00e9es sur la fr\u00e9quentation des mammif\u00e8res marins dans le Saint-Laurent. Les donn\u00e9es collect\u00e9es sont diffus\u00e9es gratuitement sur le site Internet de l\u2019Observatoire global du Saint-Laurent au [&hellip;]\" \/>\n<meta property=\"og:url\" content=\"https:\/\/www.baleines-forillon.com\/fr\/accreditations-et-partenaires\/\" \/>\n<meta property=\"og:site_name\" content=\"Baleines Forillon\" \/>\n<meta property=\"article:modified_time\" content=\"2024-02-14T23:37:32+00:00\" \/>\n<meta property=\"og:image\" content=\"https:\/\/baleines-forillon.com\/wp-content\/uploads\/2016\/06\/index2.jpe\" \/>\n<meta name=\"twitter:card\" content=\"summary_large_image\" \/>\n<meta name=\"twitter:label1\" content=\"Estimation du temps de lecture\" \/>\n\t<meta name=\"twitter:data1\" content=\"3 minutes\" \/>\n<script type=\"application\/ld+json\" class=\"yoast-schema-graph\">{\"@context\":\"https:\/\/schema.org\",\"@graph\":[{\"@type\":\"WebPage\",\"@id\":\"https:\/\/www.baleines-forillon.com\/fr\/accreditations-et-partenaires\/\",\"url\":\"https:\/\/www.baleines-forillon.com\/fr\/accreditations-et-partenaires\/\",\"name\":\"Accr\u00e9ditations et partenaires - Baleines Forillon\",\"isPartOf\":{\"@id\":\"https:\/\/baleines-forillon.com\/fr\/#website\"},\"primaryImageOfPage\":{\"@id\":\"https:\/\/www.baleines-forillon.com\/fr\/accreditations-et-partenaires\/#primaryimage\"},\"image\":{\"@id\":\"https:\/\/www.baleines-forillon.com\/fr\/accreditations-et-partenaires\/#primaryimage\"},\"thumbnailUrl\":\"https:\/\/baleines-forillon.com\/wp-content\/uploads\/2016\/06\/index2.jpe\",\"datePublished\":\"2016-06-05T03:26:24+00:00\",\"dateModified\":\"2024-02-14T23:37:32+00:00\",\"breadcrumb\":{\"@id\":\"https:\/\/www.baleines-forillon.com\/fr\/accreditations-et-partenaires\/#breadcrumb\"},\"inLanguage\":\"fr-CA\",\"potentialAction\":[{\"@type\":\"ReadAction\",\"target\":[\"https:\/\/www.baleines-forillon.com\/fr\/accreditations-et-partenaires\/\"]}]},{\"@type\":\"ImageObject\",\"inLanguage\":\"fr-CA\",\"@id\":\"https:\/\/www.baleines-forillon.com\/fr\/accreditations-et-partenaires\/#primaryimage\",\"url\":\"https:\/\/baleines-forillon.com\/wp-content\/uploads\/2016\/06\/index2.jpe\",\"contentUrl\":\"https:\/\/baleines-forillon.com\/wp-content\/uploads\/2016\/06\/index2.jpe\"},{\"@type\":\"BreadcrumbList\",\"@id\":\"https:\/\/www.baleines-forillon.com\/fr\/accreditations-et-partenaires\/#breadcrumb\",\"itemListElement\":[{\"@type\":\"ListItem\",\"position\":1,\"name\":\"Home\",\"item\":\"https:\/\/www.baleines-forillon.com\/fr\/\"},{\"@type\":\"ListItem\",\"position\":2,\"name\":\"Accr\u00e9ditations et partenaires\"}]},{\"@type\":\"WebSite\",\"@id\":\"https:\/\/baleines-forillon.com\/fr\/#website\",\"url\":\"https:\/\/baleines-forillon.com\/fr\/\",\"name\":\"Baleines Forillon\",\"description\":\"Observation de baleines au parc national Forillon | Whale-watching Cruise in Forillon National Park\",\"potentialAction\":[{\"@type\":\"SearchAction\",\"target\":{\"@type\":\"EntryPoint\",\"urlTemplate\":\"https:\/\/baleines-forillon.com\/fr\/?s={search_term_string}\"},\"query-input\":\"required name=search_term_string\"}],\"inLanguage\":\"fr-CA\"}]}<\/script>\n<!-- \/ Yoast SEO plugin. -->","yoast_head_json":{"title":"Accr\u00e9ditations et partenaires - Baleines Forillon","robots":{"index":"index","follow":"follow","max-snippet":"max-snippet:-1","max-image-preview":"max-image-preview:large","max-video-preview":"max-video-preview:-1"},"canonical":"https:\/\/www.baleines-forillon.com\/fr\/accreditations-et-partenaires\/","og_locale":"fr_CA","og_type":"article","og_title":"Accr\u00e9ditations et partenaires - Baleines Forillon","og_description":"Le ROMM (R\u00e9seau d&rsquo;observation des mammif\u00e8res marins) Les Croisi\u00e8res Baie de Gasp\u00e9 est membre observateur du ROMM depuis de nombreuses ann\u00e9es et participe ainsi directement \u00e0 la collecte de donn\u00e9es sur la fr\u00e9quentation des mammif\u00e8res marins dans le Saint-Laurent. Les donn\u00e9es collect\u00e9es sont diffus\u00e9es gratuitement sur le site Internet de l\u2019Observatoire global du Saint-Laurent au [&hellip;]","og_url":"https:\/\/www.baleines-forillon.com\/fr\/accreditations-et-partenaires\/","og_site_name":"Baleines Forillon","article_modified_time":"2024-02-14T23:37:32+00:00","og_image":[{"url":"https:\/\/baleines-forillon.com\/wp-content\/uploads\/2016\/06\/index2.jpe"}],"twitter_card":"summary_large_image","twitter_misc":{"Estimation du temps de lecture":"3 minutes"},"schema":{"@context":"https:\/\/schema.org","@graph":[{"@type":"WebPage","@id":"https:\/\/www.baleines-forillon.com\/fr\/accreditations-et-partenaires\/","url":"https:\/\/www.baleines-forillon.com\/fr\/accreditations-et-partenaires\/","name":"Accr\u00e9ditations et partenaires - Baleines Forillon","isPartOf":{"@id":"https:\/\/baleines-forillon.com\/fr\/#website"},"primaryImageOfPage":{"@id":"https:\/\/www.baleines-forillon.com\/fr\/accreditations-et-partenaires\/#primaryimage"},"image":{"@id":"https:\/\/www.baleines-forillon.com\/fr\/accreditations-et-partenaires\/#primaryimage"},"thumbnailUrl":"https:\/\/baleines-forillon.com\/wp-content\/uploads\/2016\/06\/index2.jpe","datePublished":"2016-06-05T03:26:24+00:00","dateModified":"2024-02-14T23:37:32+00:00","breadcrumb":{"@id":"https:\/\/www.baleines-forillon.com\/fr\/accreditations-et-partenaires\/#breadcrumb"},"inLanguage":"fr-CA","potentialAction":[{"@type":"ReadAction","target":["https:\/\/www.baleines-forillon.com\/fr\/accreditations-et-partenaires\/"]}]},{"@type":"ImageObject","inLanguage":"fr-CA","@id":"https:\/\/www.baleines-forillon.com\/fr\/accreditations-et-partenaires\/#primaryimage","url":"https:\/\/baleines-forillon.com\/wp-content\/uploads\/2016\/06\/index2.jpe","contentUrl":"https:\/\/baleines-forillon.com\/wp-content\/uploads\/2016\/06\/index2.jpe"},{"@type":"BreadcrumbList","@id":"https:\/\/www.baleines-forillon.com\/fr\/accreditations-et-partenaires\/#breadcrumb","itemListElement":[{"@type":"ListItem","position":1,"name":"Home","item":"https:\/\/www.baleines-forillon.com\/fr\/"},{"@type":"ListItem","position":2,"name":"Accr\u00e9ditations et partenaires"}]},{"@type":"WebSite","@id":"https:\/\/baleines-forillon.com\/fr\/#website","url":"https:\/\/baleines-forillon.com\/fr\/","name":"Baleines Forillon","description":"Observation de baleines au parc national Forillon | Whale-watching Cruise in Forillon National Park","potentialAction":[{"@type":"SearchAction","target":{"@type":"EntryPoint","urlTemplate":"https:\/\/baleines-forillon.com\/fr\/?s={search_term_string}"},"query-input":"required name=search_term_string"}],"inLanguage":"fr-CA"}]}},"acf":[],"_links":{"self":[{"href":"https:\/\/www.baleines-forillon.com\/fr\/wp-json\/wp\/v2\/pages\/628"}],"collection":[{"href":"https:\/\/www.baleines-forillon.com\/fr\/wp-json\/wp\/v2\/pages"}],"about":[{"href":"https:\/\/www.baleines-forillon.com\/fr\/wp-json\/wp\/v2\/types\/page"}],"author":[{"embeddable":true,"href":"https:\/\/www.baleines-forillon.com\/fr\/wp-json\/wp\/v2\/users\/1"}],"replies":[{"embeddable":true,"href":"https:\/\/www.baleines-forillon.com\/fr\/wp-json\/wp\/v2\/comments?post=628"}],"version-history":[{"count":14,"href":"https:\/\/www.baleines-forillon.com\/fr\/wp-json\/wp\/v2\/pages\/628\/revisions"}],"predecessor-version":[{"id":7303,"href":"https:\/\/www.baleines-forillon.com\/fr\/wp-json\/wp\/v2\/pages\/628\/revisions\/7303"}],"wp:attachment":[{"href":"https:\/\/www.baleines-forillon.com\/fr\/wp-json\/wp\/v2\/media?parent=628"}],"curies":[{"name":"wp","href":"https:\/\/api.w.org\/{rel}","templated":true}]}}