{"id":867,"date":"2016-10-25T19:59:57","date_gmt":"2016-10-25T23:59:57","guid":{"rendered":"https:\/\/baleine-gaspe-www.jolidev\/fr\/?page_id=867"},"modified":"2022-11-03T09:25:15","modified_gmt":"2022-11-03T13:25:15","slug":"la-croisiere-aux-baleines","status":"publish","type":"page","link":"https:\/\/www.baleines-forillon.com\/fr\/la-croisiere-aux-baleines\/","title":{"rendered":"La croisi\u00e8re aux baleines"},"content":{"rendered":"<div id=\"attachment_1391\" style=\"width: 310px\" class=\"wp-caption alignleft\"><img fetchpriority=\"high\" decoding=\"async\" aria-describedby=\"caption-attachment-1391\" class=\"size-medium wp-image-1391\" src=\"https:\/\/baleines-forillon.com\/wp-content\/uploads\/2017\/12\/IMG_7452-300x169.jpg\" alt=\"\" width=\"300\" height=\"169\" srcset=\"https:\/\/www.baleines-forillon.com\/wp-content\/uploads\/2017\/12\/IMG_7452-300x169.jpg 300w, https:\/\/www.baleines-forillon.com\/wp-content\/uploads\/2017\/12\/IMG_7452-600x337.jpg 600w, https:\/\/www.baleines-forillon.com\/wp-content\/uploads\/2017\/12\/IMG_7452-768x432.jpg 768w, https:\/\/www.baleines-forillon.com\/wp-content\/uploads\/2017\/12\/IMG_7452-1024x576.jpg 1024w\" sizes=\"(max-width: 300px) 100vw, 300px\" \/><p id=\"caption-attachment-1391\" class=\"wp-caption-text\">Photo Ren\u00e9 Roy<\/p><\/div>\n<h4>Embarquez \u00e0 bord pour une exp\u00e9rience inoubliable!<\/h4>\n<p>\u00c0 partir du site enchanteur de <a href=\"https:\/\/www.baleines-forillon.com\/fr\/notre-point-de-depart\/\">Grande-Grave (secteur sud)<\/a>, embarquez \u00e0 bord du Narval III (47 passagers) ou du Rocher Le Vieux (12 passagers) et vivez une croisi\u00e8re aux baleines qui contribuera \u00e0 rendre inoubliable votre visite au parc national Forillon.<\/p>\n<p>L&rsquo;enivrante anticipation de voir un dos ou une queue, l&rsquo;excitation d&rsquo;entendre un souffle d\u00e9tonner ou encore le privil\u00e8ge d&rsquo;observer des acrobaties de dauphins.. peuvent \u00eatre \u00e0 votre port\u00e9e !<\/p>\n<p>Cette croisi\u00e8re vous offre un juste dosage d&rsquo;aventure et de nature authentique, un confort et une s\u00e9curit\u00e9 assur\u00e9s.<\/p>\n<h4 style=\"padding-left: 30px;\"><em>De fa\u00e7on unique, presqu&rsquo;exclusive, Forillon vous permet une vraie intimit\u00e9 avec les baleines sans avoir \u00e0 subir l&rsquo;achalandage de nombreux autres bateaux. <\/em><\/h4>\n<p>&nbsp;<\/p>\n<div id=\"attachment_913\" style=\"width: 310px\" class=\"wp-caption alignright\"><img decoding=\"async\" aria-describedby=\"caption-attachment-913\" class=\"size-medium wp-image-913\" src=\"https:\/\/baleines-forillon.com\/wp-content\/uploads\/2016\/10\/Une-baleine-bleue-dans-la-baie-de-Gaspedit-photo-Oktay-Kaya-300x198.jpg\" alt=\"Rorqual bleu par Oktay Kaya\" width=\"300\" height=\"198\" srcset=\"https:\/\/www.baleines-forillon.com\/wp-content\/uploads\/2016\/10\/Une-baleine-bleue-dans-la-baie-de-Gaspedit-photo-Oktay-Kaya-300x198.jpg 300w, https:\/\/www.baleines-forillon.com\/wp-content\/uploads\/2016\/10\/Une-baleine-bleue-dans-la-baie-de-Gaspedit-photo-Oktay-Kaya-600x397.jpg 600w, https:\/\/www.baleines-forillon.com\/wp-content\/uploads\/2016\/10\/Une-baleine-bleue-dans-la-baie-de-Gaspedit-photo-Oktay-Kaya-768x508.jpg 768w, https:\/\/www.baleines-forillon.com\/wp-content\/uploads\/2016\/10\/Une-baleine-bleue-dans-la-baie-de-Gaspedit-photo-Oktay-Kaya.jpg 1000w\" sizes=\"(max-width: 300px) 100vw, 300px\" \/><p id=\"caption-attachment-913\" class=\"wp-caption-text\">Photo Oktay Kaya<\/p><\/div>\n<p>En compagnie d&rsquo;un <a href=\"https:\/\/www.baleines-forillon.com\/fr\/rencontrez-notre-equipe\/\">guide-interpr\u00e8te et d&rsquo;un capitaine <\/a>\u00a0(Narval 111) ou d&rsquo;un capitaine guide-interpr\u00e8te (Rocher Le Vieux), vous aurez l&rsquo;occasion de d\u00e9couvrir la vie fascinante de ces inoffensifs g\u00e9ants de la mer.<\/p>\n<p>Au cours de la saison, selon la disponibilit\u00e9 de la nourriture, jusqu&rsquo;\u00e0 <a href=\"https:\/\/www.baleines-forillon.com\/fr\/les-baleines-de-forillon\/\">six (6) esp\u00e8ces diff\u00e9rentes de baleines<\/a> peuvent \u00eatre observ\u00e9es dans les environs de la baie de Gasp\u00e9 et du golfe du Saint-Laurent dont le rorqual bleu (la plus grande baleine au monde) et le spectaculaire rorqual \u00e0 bosse.<\/p>\n<p><b><span style=\"font-family: 'Georgia',serif;\"><span style=\"color: #000000;\">Forillon est le meilleur site au Qu\u00e9bec pour observer les grandes baleines.<\/span><\/span><\/b><\/p>\n<div id=\"attachment_906\" style=\"width: 310px\" class=\"wp-caption alignleft\"><img decoding=\"async\" aria-describedby=\"caption-attachment-906\" class=\"size-medium wp-image-906\" src=\"https:\/\/baleines-forillon.com\/wp-content\/uploads\/2016\/10\/photo-denis-roy-003-300x201.jpg\" alt=\"Le Vieux par Denis Roy\" width=\"300\" height=\"201\" srcset=\"https:\/\/www.baleines-forillon.com\/wp-content\/uploads\/2016\/10\/photo-denis-roy-003-300x201.jpg 300w, https:\/\/www.baleines-forillon.com\/wp-content\/uploads\/2016\/10\/photo-denis-roy-003-600x403.jpg 600w, https:\/\/www.baleines-forillon.com\/wp-content\/uploads\/2016\/10\/photo-denis-roy-003-768x515.jpg 768w, https:\/\/www.baleines-forillon.com\/wp-content\/uploads\/2016\/10\/photo-denis-roy-003-1024x687.jpg 1024w, https:\/\/www.baleines-forillon.com\/wp-content\/uploads\/2016\/10\/photo-denis-roy-003.jpg 1200w\" sizes=\"(max-width: 300px) 100vw, 300px\" \/><p id=\"caption-attachment-906\" class=\"wp-caption-text\">Photo Denis Roy<\/p><\/div>\n<p>Le paysage pittoresque de la c\u00f4te sud du parc national\u00a0 Forillon d\u00e9filera sous vos yeux entre le site patrimonial de Grande-Grave et Cap-Gasp\u00e9 o\u00f9 le c\u00e9l\u00e8bre \u00abVieux\u00bb est en vigie en cette extr\u00e9mit\u00e9 est de la longue cha\u00eene des Appalaches.<\/p>\n","protected":false},"excerpt":{"rendered":"<p>Embarquez \u00e0 bord pour une exp\u00e9rience inoubliable! \u00c0 partir du site enchanteur de Grande-Grave (secteur sud), embarquez \u00e0 bord du Narval III (47 passagers) ou du Rocher Le Vieux (12 passagers) et vivez une croisi\u00e8re aux baleines qui contribuera \u00e0 rendre inoubliable votre visite au parc national Forillon. L&rsquo;enivrante anticipation de voir un dos ou [&hellip;]<\/p>\n","protected":false},"author":1,"featured_media":0,"parent":0,"menu_order":0,"comment_status":"closed","ping_status":"closed","template":"","meta":{"_acf_changed":false,"_genesis_hide_title":false,"_genesis_hide_breadcrumbs":false,"_genesis_hide_singular_image":false,"_genesis_hide_footer_widgets":false,"_genesis_custom_body_class":"","_genesis_custom_post_class":"","_genesis_layout":"","footnotes":""},"yoast_head":"<!-- This site is optimized with the Yoast SEO plugin v22.5 - https:\/\/yoast.com\/wordpress\/plugins\/seo\/ -->\n<title>La croisi\u00e8re aux baleines - Baleines Forillon<\/title>\n<meta name=\"robots\" content=\"index, follow, max-snippet:-1, max-image-preview:large, max-video-preview:-1\" \/>\n<link rel=\"canonical\" href=\"https:\/\/www.baleines-forillon.com\/fr\/la-croisiere-aux-baleines\/\" \/>\n<meta property=\"og:locale\" content=\"fr_CA\" \/>\n<meta property=\"og:type\" content=\"article\" \/>\n<meta property=\"og:title\" content=\"La croisi\u00e8re aux baleines - Baleines Forillon\" \/>\n<meta property=\"og:description\" content=\"Embarquez \u00e0 bord pour une exp\u00e9rience inoubliable! \u00c0 partir du site enchanteur de Grande-Grave (secteur sud), embarquez \u00e0 bord du Narval III (47 passagers) ou du Rocher Le Vieux (12 passagers) et vivez une croisi\u00e8re aux baleines qui contribuera \u00e0 rendre inoubliable votre visite au parc national Forillon. L&rsquo;enivrante anticipation de voir un dos ou [&hellip;]\" \/>\n<meta property=\"og:url\" content=\"https:\/\/www.baleines-forillon.com\/fr\/la-croisiere-aux-baleines\/\" \/>\n<meta property=\"og:site_name\" content=\"Baleines Forillon\" \/>\n<meta property=\"article:modified_time\" content=\"2022-11-03T13:25:15+00:00\" \/>\n<meta property=\"og:image\" content=\"https:\/\/baleines-forillon.com\/wp-content\/uploads\/2017\/12\/IMG_7452-300x169.jpg\" \/>\n<meta name=\"twitter:card\" content=\"summary_large_image\" \/>\n<meta name=\"twitter:label1\" content=\"Estimation du temps de lecture\" \/>\n\t<meta name=\"twitter:data1\" content=\"2 minutes\" \/>\n<script type=\"application\/ld+json\" class=\"yoast-schema-graph\">{\"@context\":\"https:\/\/schema.org\",\"@graph\":[{\"@type\":\"WebPage\",\"@id\":\"https:\/\/www.baleines-forillon.com\/fr\/la-croisiere-aux-baleines\/\",\"url\":\"https:\/\/www.baleines-forillon.com\/fr\/la-croisiere-aux-baleines\/\",\"name\":\"La croisi\u00e8re aux baleines - Baleines Forillon\",\"isPartOf\":{\"@id\":\"https:\/\/baleines-forillon.com\/fr\/#website\"},\"primaryImageOfPage\":{\"@id\":\"https:\/\/www.baleines-forillon.com\/fr\/la-croisiere-aux-baleines\/#primaryimage\"},\"image\":{\"@id\":\"https:\/\/www.baleines-forillon.com\/fr\/la-croisiere-aux-baleines\/#primaryimage\"},\"thumbnailUrl\":\"https:\/\/baleines-forillon.com\/wp-content\/uploads\/2017\/12\/IMG_7452-300x169.jpg\",\"datePublished\":\"2016-10-25T23:59:57+00:00\",\"dateModified\":\"2022-11-03T13:25:15+00:00\",\"breadcrumb\":{\"@id\":\"https:\/\/www.baleines-forillon.com\/fr\/la-croisiere-aux-baleines\/#breadcrumb\"},\"inLanguage\":\"fr-CA\",\"potentialAction\":[{\"@type\":\"ReadAction\",\"target\":[\"https:\/\/www.baleines-forillon.com\/fr\/la-croisiere-aux-baleines\/\"]}]},{\"@type\":\"ImageObject\",\"inLanguage\":\"fr-CA\",\"@id\":\"https:\/\/www.baleines-forillon.com\/fr\/la-croisiere-aux-baleines\/#primaryimage\",\"url\":\"https:\/\/baleines-forillon.com\/wp-content\/uploads\/2017\/12\/IMG_7452-300x169.jpg\",\"contentUrl\":\"https:\/\/baleines-forillon.com\/wp-content\/uploads\/2017\/12\/IMG_7452-300x169.jpg\"},{\"@type\":\"BreadcrumbList\",\"@id\":\"https:\/\/www.baleines-forillon.com\/fr\/la-croisiere-aux-baleines\/#breadcrumb\",\"itemListElement\":[{\"@type\":\"ListItem\",\"position\":1,\"name\":\"Home\",\"item\":\"https:\/\/www.baleines-forillon.com\/fr\/\"},{\"@type\":\"ListItem\",\"position\":2,\"name\":\"La croisi\u00e8re aux baleines\"}]},{\"@type\":\"WebSite\",\"@id\":\"https:\/\/baleines-forillon.com\/fr\/#website\",\"url\":\"https:\/\/baleines-forillon.com\/fr\/\",\"name\":\"Baleines Forillon\",\"description\":\"Observation de baleines au parc national Forillon | Whale-watching Cruise in Forillon National Park\",\"potentialAction\":[{\"@type\":\"SearchAction\",\"target\":{\"@type\":\"EntryPoint\",\"urlTemplate\":\"https:\/\/baleines-forillon.com\/fr\/?s={search_term_string}\"},\"query-input\":\"required name=search_term_string\"}],\"inLanguage\":\"fr-CA\"}]}<\/script>\n<!-- \/ Yoast SEO plugin. -->","yoast_head_json":{"title":"La croisi\u00e8re aux baleines - Baleines Forillon","robots":{"index":"index","follow":"follow","max-snippet":"max-snippet:-1","max-image-preview":"max-image-preview:large","max-video-preview":"max-video-preview:-1"},"canonical":"https:\/\/www.baleines-forillon.com\/fr\/la-croisiere-aux-baleines\/","og_locale":"fr_CA","og_type":"article","og_title":"La croisi\u00e8re aux baleines - Baleines Forillon","og_description":"Embarquez \u00e0 bord pour une exp\u00e9rience inoubliable! \u00c0 partir du site enchanteur de Grande-Grave (secteur sud), embarquez \u00e0 bord du Narval III (47 passagers) ou du Rocher Le Vieux (12 passagers) et vivez une croisi\u00e8re aux baleines qui contribuera \u00e0 rendre inoubliable votre visite au parc national Forillon. L&rsquo;enivrante anticipation de voir un dos ou [&hellip;]","og_url":"https:\/\/www.baleines-forillon.com\/fr\/la-croisiere-aux-baleines\/","og_site_name":"Baleines Forillon","article_modified_time":"2022-11-03T13:25:15+00:00","og_image":[{"url":"https:\/\/baleines-forillon.com\/wp-content\/uploads\/2017\/12\/IMG_7452-300x169.jpg"}],"twitter_card":"summary_large_image","twitter_misc":{"Estimation du temps de lecture":"2 minutes"},"schema":{"@context":"https:\/\/schema.org","@graph":[{"@type":"WebPage","@id":"https:\/\/www.baleines-forillon.com\/fr\/la-croisiere-aux-baleines\/","url":"https:\/\/www.baleines-forillon.com\/fr\/la-croisiere-aux-baleines\/","name":"La croisi\u00e8re aux baleines - Baleines Forillon","isPartOf":{"@id":"https:\/\/baleines-forillon.com\/fr\/#website"},"primaryImageOfPage":{"@id":"https:\/\/www.baleines-forillon.com\/fr\/la-croisiere-aux-baleines\/#primaryimage"},"image":{"@id":"https:\/\/www.baleines-forillon.com\/fr\/la-croisiere-aux-baleines\/#primaryimage"},"thumbnailUrl":"https:\/\/baleines-forillon.com\/wp-content\/uploads\/2017\/12\/IMG_7452-300x169.jpg","datePublished":"2016-10-25T23:59:57+00:00","dateModified":"2022-11-03T13:25:15+00:00","breadcrumb":{"@id":"https:\/\/www.baleines-forillon.com\/fr\/la-croisiere-aux-baleines\/#breadcrumb"},"inLanguage":"fr-CA","potentialAction":[{"@type":"ReadAction","target":["https:\/\/www.baleines-forillon.com\/fr\/la-croisiere-aux-baleines\/"]}]},{"@type":"ImageObject","inLanguage":"fr-CA","@id":"https:\/\/www.baleines-forillon.com\/fr\/la-croisiere-aux-baleines\/#primaryimage","url":"https:\/\/baleines-forillon.com\/wp-content\/uploads\/2017\/12\/IMG_7452-300x169.jpg","contentUrl":"https:\/\/baleines-forillon.com\/wp-content\/uploads\/2017\/12\/IMG_7452-300x169.jpg"},{"@type":"BreadcrumbList","@id":"https:\/\/www.baleines-forillon.com\/fr\/la-croisiere-aux-baleines\/#breadcrumb","itemListElement":[{"@type":"ListItem","position":1,"name":"Home","item":"https:\/\/www.baleines-forillon.com\/fr\/"},{"@type":"ListItem","position":2,"name":"La croisi\u00e8re aux baleines"}]},{"@type":"WebSite","@id":"https:\/\/baleines-forillon.com\/fr\/#website","url":"https:\/\/baleines-forillon.com\/fr\/","name":"Baleines Forillon","description":"Observation de baleines au parc national Forillon | Whale-watching Cruise in Forillon National Park","potentialAction":[{"@type":"SearchAction","target":{"@type":"EntryPoint","urlTemplate":"https:\/\/baleines-forillon.com\/fr\/?s={search_term_string}"},"query-input":"required name=search_term_string"}],"inLanguage":"fr-CA"}]}},"acf":[],"_links":{"self":[{"href":"https:\/\/www.baleines-forillon.com\/fr\/wp-json\/wp\/v2\/pages\/867"}],"collection":[{"href":"https:\/\/www.baleines-forillon.com\/fr\/wp-json\/wp\/v2\/pages"}],"about":[{"href":"https:\/\/www.baleines-forillon.com\/fr\/wp-json\/wp\/v2\/types\/page"}],"author":[{"embeddable":true,"href":"https:\/\/www.baleines-forillon.com\/fr\/wp-json\/wp\/v2\/users\/1"}],"replies":[{"embeddable":true,"href":"https:\/\/www.baleines-forillon.com\/fr\/wp-json\/wp\/v2\/comments?post=867"}],"version-history":[{"count":8,"href":"https:\/\/www.baleines-forillon.com\/fr\/wp-json\/wp\/v2\/pages\/867\/revisions"}],"predecessor-version":[{"id":18253,"href":"https:\/\/www.baleines-forillon.com\/fr\/wp-json\/wp\/v2\/pages\/867\/revisions\/18253"}],"wp:attachment":[{"href":"https:\/\/www.baleines-forillon.com\/fr\/wp-json\/wp\/v2\/media?parent=867"}],"curies":[{"name":"wp","href":"https:\/\/api.w.org\/{rel}","templated":true}]}}