{"id":97,"date":"2016-05-21T16:25:02","date_gmt":"2016-05-21T16:25:02","guid":{"rendered":"http:\/\/baleine-gaspe-www.jolidev\/fr\/?page_id=97"},"modified":"2016-10-27T21:05:02","modified_gmt":"2016-10-28T01:05:02","slug":"petit-marsouin","status":"publish","type":"page","link":"https:\/\/www.baleines-forillon.com\/fr\/les-baleines-de-forillon\/petit-marsouin\/","title":{"rendered":"Petit Marsouin"},"content":{"rendered":"<div id=\"attachment_172\" style=\"width: 360px\" class=\"wp-caption alignnone\"><img fetchpriority=\"high\" decoding=\"async\" aria-describedby=\"caption-attachment-172\" class=\"size-full wp-image-172\" src=\"https:\/\/baleines-forillon.com\/wp-content\/uploads\/2016\/05\/Petit-Marsouin-Image1-imageID6.jpg\" alt=\"Merci au GREMM (www.gremm.org) pour l'image\" width=\"350\" height=\"192\" srcset=\"https:\/\/www.baleines-forillon.com\/wp-content\/uploads\/2016\/05\/Petit-Marsouin-Image1-imageID6.jpg 350w, https:\/\/www.baleines-forillon.com\/wp-content\/uploads\/2016\/05\/Petit-Marsouin-Image1-imageID6-300x165.jpg 300w\" sizes=\"(max-width: 350px) 100vw, 350px\" \/><p id=\"caption-attachment-172\" class=\"wp-caption-text\">Merci au GREMM (www.gremm.org) pour l&rsquo;image<\/p><\/div>\n<h6><span id=\"cphContent_lblLatinName\">Phocoena phocoena<\/span><\/h6>\n<h6><span id=\"cphContent_lblClass\">Baleine \u00e0 dents (Odontoc\u00e8tes)<\/span><\/h6>\n<p>&nbsp;<\/p>\n<h4><label id=\"cphContent_LabelForLength\" class=\"label\" title=\"Longueur\" for=\"cphContent_lblLength\">Longueur :<\/label><\/h4>\n<p><span id=\"cphContent_lblLength\">1,5 \u00e0 2 m<\/span><\/p>\n<h4><span id=\"cphContent_LabelForWeight\" class=\"label\" title=\"Poids \">Poids : <\/span><\/h4>\n<p><span id=\"cphContent_lblWeight\"> environ 50 kg<\/span><\/p>\n<h4><span id=\"cphContent_LabelForBehaviour\" class=\"label\" title=\"Apparence et comportement \u00e0 la surface \">Apparence et comportement \u00e0 la surface : <\/span><\/h4>\n<p><span id=\"cphContent_lblBehaviour\"><br \/>\nTr\u00e8s difficile \u00e0 apercevoir (et \u00e0 photographier!). Le marsouin commun est habituellement seul ou en paire mais il arrive de le retrouver en petits groupes. Plonge pour seulement quelques minutes.<br \/>\n<\/span><\/p>\n<h4><span id=\"cphContent_LabelForFacts\" class=\"label\" title=\"Fait int\u00e9ressant \">Fait int\u00e9ressant : <\/span><\/h4>\n<p><span id=\"cphContent_lblFacts\"> La plus petite des baleines. <\/span><\/p>\n<h4><span id=\"cphContent_LabelForFrequency\" class=\"label\">Fr\u00e9quence de cette esp\u00e8ce \u00e0 Forillon :<\/span><\/h4>\n<p><span id=\"cphContent_lblFrequency\">Observ\u00e9es de juin \u00e0 octobre. Souvent en groupe de plusieurs dizaines d\u2019individus.<\/span><\/p>\n","protected":false},"excerpt":{"rendered":"<p>Phocoena phocoena Baleine \u00e0 dents (Odontoc\u00e8tes) &nbsp; Longueur : 1,5 \u00e0 2 m Poids : environ 50 kg Apparence et comportement \u00e0 la surface : Tr\u00e8s difficile \u00e0 apercevoir (et \u00e0 photographier!). Le marsouin commun est habituellement seul ou en paire mais il arrive de le retrouver en petits groupes. Plonge pour seulement quelques minutes. [&hellip;]<\/p>\n","protected":false},"author":1,"featured_media":0,"parent":151,"menu_order":0,"comment_status":"closed","ping_status":"closed","template":"","meta":{"_acf_changed":false,"_genesis_hide_title":false,"_genesis_hide_breadcrumbs":false,"_genesis_hide_singular_image":false,"_genesis_hide_footer_widgets":false,"_genesis_custom_body_class":"","_genesis_custom_post_class":"","_genesis_layout":"","footnotes":""},"yoast_head":"<!-- This site is optimized with the Yoast SEO plugin v22.5 - https:\/\/yoast.com\/wordpress\/plugins\/seo\/ -->\n<title>Petit Marsouin - Baleines Forillon<\/title>\n<meta name=\"robots\" content=\"index, follow, max-snippet:-1, max-image-preview:large, max-video-preview:-1\" \/>\n<link rel=\"canonical\" href=\"https:\/\/www.baleines-forillon.com\/fr\/les-baleines-de-forillon\/petit-marsouin\/\" \/>\n<meta property=\"og:locale\" content=\"fr_CA\" \/>\n<meta property=\"og:type\" content=\"article\" \/>\n<meta property=\"og:title\" content=\"Petit Marsouin - Baleines Forillon\" \/>\n<meta property=\"og:description\" content=\"Phocoena phocoena Baleine \u00e0 dents (Odontoc\u00e8tes) &nbsp; Longueur : 1,5 \u00e0 2 m Poids : environ 50 kg Apparence et comportement \u00e0 la surface : Tr\u00e8s difficile \u00e0 apercevoir (et \u00e0 photographier!). Le marsouin commun est habituellement seul ou en paire mais il arrive de le retrouver en petits groupes. Plonge pour seulement quelques minutes. [&hellip;]\" \/>\n<meta property=\"og:url\" content=\"https:\/\/www.baleines-forillon.com\/fr\/les-baleines-de-forillon\/petit-marsouin\/\" \/>\n<meta property=\"og:site_name\" content=\"Baleines Forillon\" \/>\n<meta property=\"article:modified_time\" content=\"2016-10-28T01:05:02+00:00\" \/>\n<meta property=\"og:image\" content=\"https:\/\/baleines-forillon.com\/wp-content\/uploads\/2016\/05\/Petit-Marsouin-Image1-imageID6.jpg\" \/>\n<meta name=\"twitter:card\" content=\"summary_large_image\" \/>\n<script type=\"application\/ld+json\" class=\"yoast-schema-graph\">{\"@context\":\"https:\/\/schema.org\",\"@graph\":[{\"@type\":\"WebPage\",\"@id\":\"https:\/\/www.baleines-forillon.com\/fr\/les-baleines-de-forillon\/petit-marsouin\/\",\"url\":\"https:\/\/www.baleines-forillon.com\/fr\/les-baleines-de-forillon\/petit-marsouin\/\",\"name\":\"Petit Marsouin - Baleines Forillon\",\"isPartOf\":{\"@id\":\"https:\/\/baleines-forillon.com\/fr\/#website\"},\"primaryImageOfPage\":{\"@id\":\"https:\/\/www.baleines-forillon.com\/fr\/les-baleines-de-forillon\/petit-marsouin\/#primaryimage\"},\"image\":{\"@id\":\"https:\/\/www.baleines-forillon.com\/fr\/les-baleines-de-forillon\/petit-marsouin\/#primaryimage\"},\"thumbnailUrl\":\"https:\/\/baleines-forillon.com\/wp-content\/uploads\/2016\/05\/Petit-Marsouin-Image1-imageID6.jpg\",\"datePublished\":\"2016-05-21T16:25:02+00:00\",\"dateModified\":\"2016-10-28T01:05:02+00:00\",\"breadcrumb\":{\"@id\":\"https:\/\/www.baleines-forillon.com\/fr\/les-baleines-de-forillon\/petit-marsouin\/#breadcrumb\"},\"inLanguage\":\"fr-CA\",\"potentialAction\":[{\"@type\":\"ReadAction\",\"target\":[\"https:\/\/www.baleines-forillon.com\/fr\/les-baleines-de-forillon\/petit-marsouin\/\"]}]},{\"@type\":\"ImageObject\",\"inLanguage\":\"fr-CA\",\"@id\":\"https:\/\/www.baleines-forillon.com\/fr\/les-baleines-de-forillon\/petit-marsouin\/#primaryimage\",\"url\":\"https:\/\/baleines-forillon.com\/wp-content\/uploads\/2016\/05\/Petit-Marsouin-Image1-imageID6.jpg\",\"contentUrl\":\"https:\/\/baleines-forillon.com\/wp-content\/uploads\/2016\/05\/Petit-Marsouin-Image1-imageID6.jpg\"},{\"@type\":\"BreadcrumbList\",\"@id\":\"https:\/\/www.baleines-forillon.com\/fr\/les-baleines-de-forillon\/petit-marsouin\/#breadcrumb\",\"itemListElement\":[{\"@type\":\"ListItem\",\"position\":1,\"name\":\"Home\",\"item\":\"https:\/\/www.baleines-forillon.com\/fr\/\"},{\"@type\":\"ListItem\",\"position\":2,\"name\":\"Les baleines de Forillon\",\"item\":\"https:\/\/www.baleines-forillon.com\/fr\/les-baleines-de-forillon\/\"},{\"@type\":\"ListItem\",\"position\":3,\"name\":\"Petit Marsouin\"}]},{\"@type\":\"WebSite\",\"@id\":\"https:\/\/baleines-forillon.com\/fr\/#website\",\"url\":\"https:\/\/baleines-forillon.com\/fr\/\",\"name\":\"Baleines Forillon\",\"description\":\"Observation de baleines au parc national Forillon | Whale-watching Cruise in Forillon National Park\",\"potentialAction\":[{\"@type\":\"SearchAction\",\"target\":{\"@type\":\"EntryPoint\",\"urlTemplate\":\"https:\/\/baleines-forillon.com\/fr\/?s={search_term_string}\"},\"query-input\":\"required name=search_term_string\"}],\"inLanguage\":\"fr-CA\"}]}<\/script>\n<!-- \/ Yoast SEO plugin. -->","yoast_head_json":{"title":"Petit Marsouin - Baleines Forillon","robots":{"index":"index","follow":"follow","max-snippet":"max-snippet:-1","max-image-preview":"max-image-preview:large","max-video-preview":"max-video-preview:-1"},"canonical":"https:\/\/www.baleines-forillon.com\/fr\/les-baleines-de-forillon\/petit-marsouin\/","og_locale":"fr_CA","og_type":"article","og_title":"Petit Marsouin - Baleines Forillon","og_description":"Phocoena phocoena Baleine \u00e0 dents (Odontoc\u00e8tes) &nbsp; Longueur : 1,5 \u00e0 2 m Poids : environ 50 kg Apparence et comportement \u00e0 la surface : Tr\u00e8s difficile \u00e0 apercevoir (et \u00e0 photographier!). Le marsouin commun est habituellement seul ou en paire mais il arrive de le retrouver en petits groupes. Plonge pour seulement quelques minutes. [&hellip;]","og_url":"https:\/\/www.baleines-forillon.com\/fr\/les-baleines-de-forillon\/petit-marsouin\/","og_site_name":"Baleines Forillon","article_modified_time":"2016-10-28T01:05:02+00:00","og_image":[{"url":"https:\/\/baleines-forillon.com\/wp-content\/uploads\/2016\/05\/Petit-Marsouin-Image1-imageID6.jpg"}],"twitter_card":"summary_large_image","schema":{"@context":"https:\/\/schema.org","@graph":[{"@type":"WebPage","@id":"https:\/\/www.baleines-forillon.com\/fr\/les-baleines-de-forillon\/petit-marsouin\/","url":"https:\/\/www.baleines-forillon.com\/fr\/les-baleines-de-forillon\/petit-marsouin\/","name":"Petit Marsouin - Baleines Forillon","isPartOf":{"@id":"https:\/\/baleines-forillon.com\/fr\/#website"},"primaryImageOfPage":{"@id":"https:\/\/www.baleines-forillon.com\/fr\/les-baleines-de-forillon\/petit-marsouin\/#primaryimage"},"image":{"@id":"https:\/\/www.baleines-forillon.com\/fr\/les-baleines-de-forillon\/petit-marsouin\/#primaryimage"},"thumbnailUrl":"https:\/\/baleines-forillon.com\/wp-content\/uploads\/2016\/05\/Petit-Marsouin-Image1-imageID6.jpg","datePublished":"2016-05-21T16:25:02+00:00","dateModified":"2016-10-28T01:05:02+00:00","breadcrumb":{"@id":"https:\/\/www.baleines-forillon.com\/fr\/les-baleines-de-forillon\/petit-marsouin\/#breadcrumb"},"inLanguage":"fr-CA","potentialAction":[{"@type":"ReadAction","target":["https:\/\/www.baleines-forillon.com\/fr\/les-baleines-de-forillon\/petit-marsouin\/"]}]},{"@type":"ImageObject","inLanguage":"fr-CA","@id":"https:\/\/www.baleines-forillon.com\/fr\/les-baleines-de-forillon\/petit-marsouin\/#primaryimage","url":"https:\/\/baleines-forillon.com\/wp-content\/uploads\/2016\/05\/Petit-Marsouin-Image1-imageID6.jpg","contentUrl":"https:\/\/baleines-forillon.com\/wp-content\/uploads\/2016\/05\/Petit-Marsouin-Image1-imageID6.jpg"},{"@type":"BreadcrumbList","@id":"https:\/\/www.baleines-forillon.com\/fr\/les-baleines-de-forillon\/petit-marsouin\/#breadcrumb","itemListElement":[{"@type":"ListItem","position":1,"name":"Home","item":"https:\/\/www.baleines-forillon.com\/fr\/"},{"@type":"ListItem","position":2,"name":"Les baleines de Forillon","item":"https:\/\/www.baleines-forillon.com\/fr\/les-baleines-de-forillon\/"},{"@type":"ListItem","position":3,"name":"Petit Marsouin"}]},{"@type":"WebSite","@id":"https:\/\/baleines-forillon.com\/fr\/#website","url":"https:\/\/baleines-forillon.com\/fr\/","name":"Baleines Forillon","description":"Observation de baleines au parc national Forillon | Whale-watching Cruise in Forillon National Park","potentialAction":[{"@type":"SearchAction","target":{"@type":"EntryPoint","urlTemplate":"https:\/\/baleines-forillon.com\/fr\/?s={search_term_string}"},"query-input":"required name=search_term_string"}],"inLanguage":"fr-CA"}]}},"acf":[],"_links":{"self":[{"href":"https:\/\/www.baleines-forillon.com\/fr\/wp-json\/wp\/v2\/pages\/97"}],"collection":[{"href":"https:\/\/www.baleines-forillon.com\/fr\/wp-json\/wp\/v2\/pages"}],"about":[{"href":"https:\/\/www.baleines-forillon.com\/fr\/wp-json\/wp\/v2\/types\/page"}],"author":[{"embeddable":true,"href":"https:\/\/www.baleines-forillon.com\/fr\/wp-json\/wp\/v2\/users\/1"}],"replies":[{"embeddable":true,"href":"https:\/\/www.baleines-forillon.com\/fr\/wp-json\/wp\/v2\/comments?post=97"}],"version-history":[{"count":5,"href":"https:\/\/www.baleines-forillon.com\/fr\/wp-json\/wp\/v2\/pages\/97\/revisions"}],"predecessor-version":[{"id":1026,"href":"https:\/\/www.baleines-forillon.com\/fr\/wp-json\/wp\/v2\/pages\/97\/revisions\/1026"}],"up":[{"embeddable":true,"href":"https:\/\/www.baleines-forillon.com\/fr\/wp-json\/wp\/v2\/pages\/151"}],"wp:attachment":[{"href":"https:\/\/www.baleines-forillon.com\/fr\/wp-json\/wp\/v2\/media?parent=97"}],"curies":[{"name":"wp","href":"https:\/\/api.w.org\/{rel}","templated":true}]}}